{"id":1528,"date":"2019-04-11T14:54:48","date_gmt":"2019-04-11T20:54:48","guid":{"rendered":"https:\/\/www.pscl.com\/acerca-de-nosotros\/"},"modified":"2020-05-02T11:17:22","modified_gmt":"2020-05-02T17:17:22","slug":"acerca-de-nosotros","status":"publish","type":"page","link":"https:\/\/www.pscl.com\/es\/acerca-de-nosotros\/","title":{"rendered":"Acerca de nosotros"},"content":{"rendered":"<p>[et_pb_section fb_built=\u00bb1&#8243; admin_label=\u00bbHero\u00bb module_id=\u00bbhero-pscl\u00bb module_class=\u00bbhero-section\u00bb _builder_version=\u00bb3.22.4&#8243; background_image=\u00bbhttps:\/\/www.pscl.com\/wp-content\/uploads\/2019\/04\/about-us-conference.jpg\u00bb min_height_tablet=\u00bb\u00bb min_height_phone=\u00bb375px\u00bb min_height_last_edited=\u00bbon|phone\u00bb height=\u00bb100%\u00bb custom_padding=\u00bb0px||0px||true|false\u00bb locked=\u00bboff\u00bb collapsed=\u00bboff\u00bb][et_pb_row use_custom_gutter=\u00bbon\u00bb make_equal=\u00bbon\u00bb padding_top_bottom_link_1=\u00bbtrue\u00bb padding_top_bottom_link_2=\u00bbtrue\u00bb padding_left_right_link_1=\u00bbtrue\u00bb padding_left_right_link_2=\u00bbtrue\u00bb _builder_version=\u00bb3.25&#8243; width=\u00bb100%\u00bb max_width=\u00bb100%\u00bb height=\u00bb100%\u00bb custom_margin=\u00bb||0px\u00bb custom_padding=\u00bb0px||0px||true\u00bb use_custom_width=\u00bbon\u00bb width_unit=\u00bboff\u00bb custom_width_percent=\u00bb100%\u00bb column_structure=\u00bb1_4,3_4&#8243;][et_pb_column type=\u00bb1_4&#8243; module_class=\u00bbhero-header corporate\u00bb _builder_version=\u00bb3.25&#8243; background_color=\u00bbrgba(0,35,102,0.8)\u00bb background_color_gradient_direction_radial=\u00bbtop left\u00bb custom_padding=\u00bb5vw|2vw|5vw|2vw\u00bb custom_padding_tablet=\u00bb7vw|0vw|7vw|3.5%|true|false\u00bb custom_padding_phone=\u00bb|5%||5%\u00bb custom_padding_last_edited=\u00bbon|tablet\u00bb custom_padding__hover=\u00bb|||\u00bb][et_pb_blurb title=\u00bbAcerca de nosotros\u00bb image=\u00bbhttps:\/\/www.pscl.com\/wp-content\/uploads\/2019\/04\/corporate.svg\u00bb icon_placement=\u00bbleft\u00bb image_max_width=\u00bb84px\u00bb content_max_width=\u00bb350px\u00bb image_max_width_tablet=\u00bb72px\u00bb image_max_width_phone=\u00bb64px\u00bb image_max_width_last_edited=\u00bbon|desktop\u00bb content_max_width_tablet=\u00bb1100px\u00bb content_max_width_last_edited=\u00bboff|desktop\u00bb admin_label=\u00bbAbout Us\u00bb module_class=\u00bbbrochure\u00bb _builder_version=\u00bb3.22.4&#8243; header_level=\u00bbh1&#8243; header_font=\u00bbProxima Nova SemiBold|600|||||||\u00bb header_text_color=\u00bb#ffffff\u00bb header_font_size=\u00bb48px\u00bb header_line_height=\u00bb1.4em\u00bb body_font=\u00bb||||||||\u00bb body_text_color=\u00bb#ffffff\u00bb body_font_size=\u00bb36px\u00bb body_line_height=\u00bb1.2em\u00bb background_layout=\u00bbdark\u00bb custom_margin=\u00bb|||\u00bb custom_padding=\u00bb|||\u00bb animation_direction=\u00bbright\u00bb animation=\u00bboff\u00bb border_color_all_image=\u00bbrgba(0,0,0,0)\u00bb border_style_all_image=\u00bbnone\u00bb]<\/p>\n<ul class=\"header-list\">\n<li class=\"current\"><\/li>\n<\/ul>\n<p>[\/et_pb_blurb][et_pb_image src=\u00bbhttps:\/\/www.pscl.com\/wp-content\/uploads\/2019\/04\/microsoft-gold-partner-logo-white.svg\u00bb align_tablet=\u00bbcenter\u00bb align_last_edited=\u00bbon|desktop\u00bb admin_label=\u00bbMicrosoft Partner Logo\u00bb module_class=\u00bbms-partner-logo\u00bb _builder_version=\u00bb3.23&#8243; width=\u00bb50%\u00bb max_width=\u00bb200px\u00bb module_alignment=\u00bbleft\u00bb locked=\u00bboff\u00bb][\/et_pb_image][\/et_pb_column][et_pb_column type=\u00bb3_4&#8243; _builder_version=\u00bb3.25&#8243; custom_padding=\u00bb80px|40px|80px|40px\u00bb custom_padding_tablet=\u00bb|10%||10%||true\u00bb custom_padding_last_edited=\u00bbon|desktop\u00bb custom_padding__hover=\u00bb|||\u00bb][\/et_pb_column][\/et_pb_row][\/et_pb_section][et_pb_section fb_built=\u00bb1&#8243; _builder_version=\u00bb3.22.4&#8243;][et_pb_row _builder_version=\u00bb3.25&#8243; width=\u00bb66%\u00bb max_width=\u00bb900px\u00bb custom_padding=\u00bb||0px\u00bb][et_pb_column type=\u00bb4_4&#8243; _builder_version=\u00bb3.25&#8243; custom_padding=\u00bb|||\u00bb custom_padding__hover=\u00bb|||\u00bb][et_pb_text admin_label=\u00bbAbout Us\u00bb module_class=\u00bbpscl-body-text list support\u00bb _builder_version=\u00bb3.27.4&#8243;]<\/p>\n<h4>Acerca de nosotros<\/h4>\n<p>[\/et_pb_text][\/et_pb_column][\/et_pb_row][et_pb_row module_class=\u00bbpscl-body-text list corporate\u00bb _builder_version=\u00bb3.25&#8243; width=\u00bb66%\u00bb max_width=\u00bb900px\u00bb custom_padding=\u00bb0px||\u00bb column_structure=\u00bb1_2,1_2&#8243;][et_pb_column type=\u00bb1_2&#8243; _builder_version=\u00bb3.25&#8243; custom_padding=\u00bb|||\u00bb custom_padding__hover=\u00bb|||\u00bb][et_pb_text admin_label=\u00bbPSCL has been working\u00bb _builder_version=\u00bb3.27.4&#8243;]PSCL (Process Solutions) lleva casi cuatro d\u00e9cadas trabajando con la industria del cemento. Nuestras relaciones continuas con la industria expresan quienes somos hoy:<\/p>\n<ul>\n<li>Tenemos el sistema de carga l\u00edder en Norteam\u00e9rica<\/li>\n<li>Desde su lanzamiento, nuestros sistemas de carga han enviado m\u00e1s de medio mil millones de toneladas de cemento<\/li>\n<li>Hemos implementado m\u00e1s de 60 sistemas de laboratorio del cemento en plantas de cemento en todo el mundo<\/li>\n<li>Somos pioneros en el an\u00e1lisis y seguimiento de residuos en flujos de combustibles alternativos<\/li>\n<li>Nuestro sistema de control distribuido lleva m\u00e1s de 35 a\u00f1os funcionando continuamente en sitios con procesos cr\u00edticos<\/li>\n<li>Hacemos negocios con 22 productores en 17 pa\u00edses<\/li>\n<\/ul>\n<p>[\/et_pb_text][\/et_pb_column][et_pb_column type=\u00bb1_2&#8243; _builder_version=\u00bb3.25&#8243; custom_padding=\u00bb|||\u00bb custom_padding__hover=\u00bb|||\u00bb][et_pb_text admin_label=\u00bbWe don&#8217;t rest on our laurels\u00bb _builder_version=\u00bb4.4.4&#8243; hover_enabled=\u00bb0&#8243;]No nos dormirnos en los laureles. En 2017, comenzamos un viaje de transformaci\u00f3n completa. La evoluci\u00f3n de nuestra marca refleja eso<\/p>\n<p><img loading=\"lazy\" decoding=\"async\" width=\"2400\" height=\"473\" class=\"wp-image-324 alignnone size-full\" src=\"\/wp-content\/uploads\/2019\/04\/pscl-logos.png\" alt=\"PSCL Logos\" srcset=\"https:\/\/www.pscl.com\/wp-content\/uploads\/2019\/04\/pscl-logos.png 2400w, https:\/\/www.pscl.com\/wp-content\/uploads\/2019\/04\/pscl-logos-300x59.png 300w, https:\/\/www.pscl.com\/wp-content\/uploads\/2019\/04\/pscl-logos-768x151.png 768w, https:\/\/www.pscl.com\/wp-content\/uploads\/2019\/04\/pscl-logos-1024x202.png 1024w, https:\/\/www.pscl.com\/wp-content\/uploads\/2019\/04\/pscl-logos-1080x213.png 1080w\" sizes=\"(max-width: 2400px) 100vw, 2400px\" \/><\/p>\n<p>La pieza central de nuestra nueva identidad refleja nuestros \u00e9xitos del pasado y se\u00f1ala nuestro renovado enfoque hacia el futuro.<\/p>\n<p><img loading=\"lazy\" decoding=\"async\" width=\"1200\" height=\"145\" class=\"wp-image-328 alignnone size-full\" src=\"\/wp-content\/uploads\/2019\/04\/pscl-process-bar.png\" alt=\"PSCL Process Bar\" srcset=\"https:\/\/www.pscl.com\/wp-content\/uploads\/2019\/04\/pscl-process-bar.png 1200w, https:\/\/www.pscl.com\/wp-content\/uploads\/2019\/04\/pscl-process-bar-300x36.png 300w, https:\/\/www.pscl.com\/wp-content\/uploads\/2019\/04\/pscl-process-bar-768x93.png 768w, https:\/\/www.pscl.com\/wp-content\/uploads\/2019\/04\/pscl-process-bar-1024x124.png 1024w, https:\/\/www.pscl.com\/wp-content\/uploads\/2019\/04\/pscl-process-bar-1080x131.png 1080w\" sizes=\"(max-width: 1200px) 100vw, 1200px\" \/><\/p>\n<p>Conectamos procesos y agregamos valor en nuestra manera de operar.<\/p>\n<p>El valor que entregamos es la suma de:<\/p>\n<ul>\n<li>Nuestra gente<\/li>\n<li>Nuestra experiencia en la industria del cemento<\/li>\n<li>Nuestra tecnolog\u00eda<\/li>\n<li>Nuestro compromiso<\/li>\n<\/ul>\n<p>Trabajamos con usted para que trabaje con m\u00e1s inteligencia.\u2122<br \/>\n[\/et_pb_text][\/et_pb_column][\/et_pb_row][et_pb_row _builder_version=\u00bb3.25&#8243; width=\u00bb66%\u00bb max_width=\u00bb900px\u00bb column_structure=\u00bb1_2,1_2&#8243;][et_pb_column type=\u00bb1_2&#8243; _builder_version=\u00bb3.25&#8243; custom_padding=\u00bb|||\u00bb custom_padding__hover=\u00bb|||\u00bb][et_pb_image src=\u00bbhttps:\/\/www.pscl.com\/wp-content\/uploads\/2019\/04\/matthew-furry-pscl-evolution.jpg\u00bb align_tablet=\u00bbcenter\u00bb align_last_edited=\u00bbon|desktop\u00bb admin_label=\u00bbMatthew Furry &#8211; PSCL Legacy\u00bb _builder_version=\u00bb3.23&#8243;][\/et_pb_image][\/et_pb_column][et_pb_column type=\u00bb1_2&#8243; _builder_version=\u00bb3.25&#8243; custom_padding=\u00bb|||\u00bb custom_padding__hover=\u00bb|||\u00bb][et_pb_text admin_label=\u00bbMessage from the President\u00bb module_class=\u00bbpscl-body-text list corporate\u00bb _builder_version=\u00bb3.27.4&#8243;]<\/p>\n<h4>Mensaje del presidente<\/h4>\n<p>Comenc\u00e9 mi carrera en software y automatizaci\u00f3n con Process Solutions en 1996. He ocupado varios puestos dentro de la empresa, y aprend\u00ed el negocio desde cero. Tambi\u00e9n tuve la oportunidad de ganar experiencia trabajando con herramientas semejantes en otras industrias en todo el mundo. Mi regreso a PSCL me permiti\u00f3 implementar mis instintos para construir un mejor socio de la industria y comprender a un alto nivel c\u00f3mo hemos superado los desaf\u00edos que enfrentan nuestros clientes.<\/p>\n<p>Antes el basti\u00f3n de la tradici\u00f3n, PSCL ha notado un aumento en el ritmo de cambio en la industria del cemento en los \u00faltimos a\u00f1os. Se ha enfrentado la industria a las realidades de las emisiones de CO2, la consolidaci\u00f3n de la industria, la necesidad siempre presente de mayor eficiencia y muchos otros desaf\u00edos.<\/p>\n<p>En PSCL, hemos experimentado un crecimiento significativo en mano de obra y recursos, a medida que los productores mundiales adoptaron nuestras soluciones y experiencia para enfrentar sus desaf\u00edos nuevos y existentes. Eso me llev\u00f3 a examinar nuestra empresa con el objetivo de determinar nuestra preparaci\u00f3n para futuras oportunidades. Mi equipo y yo llegamos a una conclusi\u00f3n relativamente simple; que en gran parte es seguir haciendo y superar lo que siempre hemos hecho, con mejoras continuas.<\/p>\n<p>Quiero que mi equipo trabaje con m\u00e1s inteligencia para ayudarlo a trabajar con m\u00e1s inteligencia.\u2122<\/p>\n<h4>Nuestros valores y nuestra misi\u00f3n<\/h4>\n<ul>\n<li>Seremos la opci\u00f3n que eligen con entusiasmo nuestros clientes<\/li>\n<li>Seremos proactivos en todo lo que hacemos<\/li>\n<li>Seremos estables y escalables<\/li>\n<li>Nuestra gente est\u00e1 potenciada y provista con las herramientas para:\n<ul>\n<li>Estar orgullosa de su trabajo<\/li>\n<li>Ser innovadora para nuestros clientes<\/li>\n<li>Ser perturbadora de nuestros competidores<\/li>\n<\/ul>\n<\/li>\n<li>Construiremos y mejoraremos con pasi\u00f3n nuestra caja de herramientas de soluciones con un servicio de primera calidad y tecnolog\u00edas probadas en la pr\u00e1ctica<\/li>\n<li>Disfrutaremos el viaje juntos<\/li>\n<\/ul>\n<p><em>\u2014 Matthew Furry<\/em>[\/et_pb_text][\/et_pb_column][\/et_pb_row][\/et_pb_section]<\/p>\n","protected":false},"excerpt":{"rendered":"<p>Acerca de nosotrosPSCL (Process Solutions) lleva casi cuatro d\u00e9cadas trabajando con la industria del cemento. Nuestras relaciones continuas con la industria expresan quienes somos hoy: Tenemos el sistema de carga l\u00edder en Norteam\u00e9rica Desde su lanzamiento, nuestros sistemas de carga han enviado m\u00e1s de medio mil millones de toneladas de cemento Hemos implementado m\u00e1s de [&hellip;]<\/p>\n","protected":false},"author":1,"featured_media":0,"parent":0,"menu_order":0,"comment_status":"closed","ping_status":"closed","template":"","meta":{"_acf_changed":false,"_et_pb_use_builder":"on","_et_pb_old_content":"","_et_gb_content_width":"","inline_featured_image":false,"footnotes":""},"wf_page_folders":[9],"class_list":["post-1528","page","type-page","status-publish","hentry"],"acf":[],"yoast_head":"<!-- This site is optimized with the Yoast SEO plugin v27.3 - https:\/\/yoast.com\/product\/yoast-seo-wordpress\/ -->\n<title>Acerca de nosotros - PSCL<\/title>\n<meta name=\"robots\" content=\"index, follow, max-snippet:-1, max-image-preview:large, max-video-preview:-1\" \/>\n<link rel=\"canonical\" href=\"https:\/\/www.pscl.com\/es\/acerca-de-nosotros\/\" \/>\n<meta property=\"og:locale\" content=\"es_ES\" \/>\n<meta property=\"og:type\" content=\"article\" \/>\n<meta property=\"og:title\" content=\"Acerca de nosotros - PSCL\" \/>\n<meta property=\"og:description\" content=\"Acerca de nosotrosPSCL (Process Solutions) lleva casi cuatro d\u00e9cadas trabajando con la industria del cemento. Nuestras relaciones continuas con la industria expresan quienes somos hoy: Tenemos el sistema de carga l\u00edder en Norteam\u00e9rica Desde su lanzamiento, nuestros sistemas de carga han enviado m\u00e1s de medio mil millones de toneladas de cemento Hemos implementado m\u00e1s de [&hellip;]\" \/>\n<meta property=\"og:url\" content=\"https:\/\/www.pscl.com\/es\/acerca-de-nosotros\/\" \/>\n<meta property=\"og:site_name\" content=\"PSCL\" \/>\n<meta property=\"article:modified_time\" content=\"2020-05-02T17:17:22+00:00\" \/>\n<meta name=\"twitter:card\" content=\"summary_large_image\" \/>\n<meta name=\"twitter:label1\" content=\"Tiempo de lectura\" \/>\n\t<meta name=\"twitter:data1\" content=\"6 minutos\" \/>\n<script type=\"application\/ld+json\" class=\"yoast-schema-graph\">{\"@context\":\"https:\\\/\\\/schema.org\",\"@graph\":[{\"@type\":\"WebPage\",\"@id\":\"https:\\\/\\\/www.pscl.com\\\/es\\\/acerca-de-nosotros\\\/\",\"url\":\"https:\\\/\\\/www.pscl.com\\\/es\\\/acerca-de-nosotros\\\/\",\"name\":\"Acerca de nosotros - PSCL\",\"isPartOf\":{\"@id\":\"https:\\\/\\\/www.pscl.com\\\/es\\\/#website\"},\"datePublished\":\"2019-04-11T20:54:48+00:00\",\"dateModified\":\"2020-05-02T17:17:22+00:00\",\"breadcrumb\":{\"@id\":\"https:\\\/\\\/www.pscl.com\\\/es\\\/acerca-de-nosotros\\\/#breadcrumb\"},\"inLanguage\":\"es\",\"potentialAction\":[{\"@type\":\"ReadAction\",\"target\":[\"https:\\\/\\\/www.pscl.com\\\/es\\\/acerca-de-nosotros\\\/\"]}]},{\"@type\":\"BreadcrumbList\",\"@id\":\"https:\\\/\\\/www.pscl.com\\\/es\\\/acerca-de-nosotros\\\/#breadcrumb\",\"itemListElement\":[{\"@type\":\"ListItem\",\"position\":1,\"name\":\"Home\",\"item\":\"https:\\\/\\\/www.pscl.com\\\/es\\\/inicio-3\\\/\"},{\"@type\":\"ListItem\",\"position\":2,\"name\":\"Acerca de nosotros\"}]},{\"@type\":\"WebSite\",\"@id\":\"https:\\\/\\\/www.pscl.com\\\/es\\\/#website\",\"url\":\"https:\\\/\\\/www.pscl.com\\\/es\\\/\",\"name\":\"PSCL\",\"description\":\"Work smarter.\u00ae\",\"publisher\":{\"@id\":\"https:\\\/\\\/www.pscl.com\\\/es\\\/#organization\"},\"potentialAction\":[{\"@type\":\"SearchAction\",\"target\":{\"@type\":\"EntryPoint\",\"urlTemplate\":\"https:\\\/\\\/www.pscl.com\\\/es\\\/?s={search_term_string}\"},\"query-input\":{\"@type\":\"PropertyValueSpecification\",\"valueRequired\":true,\"valueName\":\"search_term_string\"}}],\"inLanguage\":\"es\"},{\"@type\":\"Organization\",\"@id\":\"https:\\\/\\\/www.pscl.com\\\/es\\\/#organization\",\"name\":\"PSCL\",\"url\":\"https:\\\/\\\/www.pscl.com\\\/es\\\/\",\"logo\":{\"@type\":\"ImageObject\",\"inLanguage\":\"es\",\"@id\":\"https:\\\/\\\/www.pscl.com\\\/es\\\/#\\\/schema\\\/logo\\\/image\\\/\",\"url\":\"https:\\\/\\\/www.pscl.com\\\/wp-content\\\/uploads\\\/2025\\\/07\\\/pscl-logoBlue.svg\",\"contentUrl\":\"https:\\\/\\\/www.pscl.com\\\/wp-content\\\/uploads\\\/2025\\\/07\\\/pscl-logoBlue.svg\",\"width\":\"1024\",\"height\":\"1024\",\"caption\":\"PSCL\"},\"image\":{\"@id\":\"https:\\\/\\\/www.pscl.com\\\/es\\\/#\\\/schema\\\/logo\\\/image\\\/\"},\"sameAs\":[\"https:\\\/\\\/www.linkedin.com\\\/company\\\/process-solutions-canada-ltd-\\\/\"]}]}<\/script>\n<!-- \/ Yoast SEO plugin. -->","yoast_head_json":{"title":"Acerca de nosotros - PSCL","robots":{"index":"index","follow":"follow","max-snippet":"max-snippet:-1","max-image-preview":"max-image-preview:large","max-video-preview":"max-video-preview:-1"},"canonical":"https:\/\/www.pscl.com\/es\/acerca-de-nosotros\/","og_locale":"es_ES","og_type":"article","og_title":"Acerca de nosotros - PSCL","og_description":"Acerca de nosotrosPSCL (Process Solutions) lleva casi cuatro d\u00e9cadas trabajando con la industria del cemento. Nuestras relaciones continuas con la industria expresan quienes somos hoy: Tenemos el sistema de carga l\u00edder en Norteam\u00e9rica Desde su lanzamiento, nuestros sistemas de carga han enviado m\u00e1s de medio mil millones de toneladas de cemento Hemos implementado m\u00e1s de [&hellip;]","og_url":"https:\/\/www.pscl.com\/es\/acerca-de-nosotros\/","og_site_name":"PSCL","article_modified_time":"2020-05-02T17:17:22+00:00","twitter_card":"summary_large_image","twitter_misc":{"Tiempo de lectura":"6 minutos"},"schema":{"@context":"https:\/\/schema.org","@graph":[{"@type":"WebPage","@id":"https:\/\/www.pscl.com\/es\/acerca-de-nosotros\/","url":"https:\/\/www.pscl.com\/es\/acerca-de-nosotros\/","name":"Acerca de nosotros - PSCL","isPartOf":{"@id":"https:\/\/www.pscl.com\/es\/#website"},"datePublished":"2019-04-11T20:54:48+00:00","dateModified":"2020-05-02T17:17:22+00:00","breadcrumb":{"@id":"https:\/\/www.pscl.com\/es\/acerca-de-nosotros\/#breadcrumb"},"inLanguage":"es","potentialAction":[{"@type":"ReadAction","target":["https:\/\/www.pscl.com\/es\/acerca-de-nosotros\/"]}]},{"@type":"BreadcrumbList","@id":"https:\/\/www.pscl.com\/es\/acerca-de-nosotros\/#breadcrumb","itemListElement":[{"@type":"ListItem","position":1,"name":"Home","item":"https:\/\/www.pscl.com\/es\/inicio-3\/"},{"@type":"ListItem","position":2,"name":"Acerca de nosotros"}]},{"@type":"WebSite","@id":"https:\/\/www.pscl.com\/es\/#website","url":"https:\/\/www.pscl.com\/es\/","name":"PSCL","description":"Work smarter.\u00ae","publisher":{"@id":"https:\/\/www.pscl.com\/es\/#organization"},"potentialAction":[{"@type":"SearchAction","target":{"@type":"EntryPoint","urlTemplate":"https:\/\/www.pscl.com\/es\/?s={search_term_string}"},"query-input":{"@type":"PropertyValueSpecification","valueRequired":true,"valueName":"search_term_string"}}],"inLanguage":"es"},{"@type":"Organization","@id":"https:\/\/www.pscl.com\/es\/#organization","name":"PSCL","url":"https:\/\/www.pscl.com\/es\/","logo":{"@type":"ImageObject","inLanguage":"es","@id":"https:\/\/www.pscl.com\/es\/#\/schema\/logo\/image\/","url":"https:\/\/www.pscl.com\/wp-content\/uploads\/2025\/07\/pscl-logoBlue.svg","contentUrl":"https:\/\/www.pscl.com\/wp-content\/uploads\/2025\/07\/pscl-logoBlue.svg","width":"1024","height":"1024","caption":"PSCL"},"image":{"@id":"https:\/\/www.pscl.com\/es\/#\/schema\/logo\/image\/"},"sameAs":["https:\/\/www.linkedin.com\/company\/process-solutions-canada-ltd-\/"]}]}},"jetpack_sharing_enabled":true,"_links":{"self":[{"href":"https:\/\/www.pscl.com\/es\/wp-json\/wp\/v2\/pages\/1528","targetHints":{"allow":["GET"]}}],"collection":[{"href":"https:\/\/www.pscl.com\/es\/wp-json\/wp\/v2\/pages"}],"about":[{"href":"https:\/\/www.pscl.com\/es\/wp-json\/wp\/v2\/types\/page"}],"author":[{"embeddable":true,"href":"https:\/\/www.pscl.com\/es\/wp-json\/wp\/v2\/users\/1"}],"replies":[{"embeddable":true,"href":"https:\/\/www.pscl.com\/es\/wp-json\/wp\/v2\/comments?post=1528"}],"version-history":[{"count":0,"href":"https:\/\/www.pscl.com\/es\/wp-json\/wp\/v2\/pages\/1528\/revisions"}],"wp:attachment":[{"href":"https:\/\/www.pscl.com\/es\/wp-json\/wp\/v2\/media?parent=1528"}],"wp:term":[{"taxonomy":"wf_page_folders","embeddable":true,"href":"https:\/\/www.pscl.com\/es\/wp-json\/wp\/v2\/wf_page_folders?post=1528"}],"curies":[{"name":"wp","href":"https:\/\/api.w.org\/{rel}","templated":true}]}}