{"id":1628,"date":"2020-04-08T15:04:21","date_gmt":"2020-04-08T21:04:21","guid":{"rendered":"https:\/\/www.pscl.com\/politica-de-privacidad\/"},"modified":"2020-06-08T14:36:15","modified_gmt":"2020-06-08T20:36:15","slug":"politica-de-privacidad","status":"publish","type":"page","link":"https:\/\/www.pscl.com\/es\/politica-de-privacidad\/","title":{"rendered":"Pol\u00edtica de privacidad"},"content":{"rendered":"<p>[et_pb_section fb_built=\u00bb1&#8243; _builder_version=\u00bb3.22.3&#8243;][et_pb_row _builder_version=\u00bb3.25&#8243; background_size=\u00bbinitial\u00bb background_position=\u00bbtop_left\u00bb background_repeat=\u00bbrepeat\u00bb][et_pb_column type=\u00bb4_4&#8243; _builder_version=\u00bb3.25&#8243; custom_padding=\u00bb|||\u00bb custom_padding__hover=\u00bb|||\u00bb][et_pb_text _builder_version=\u00bb4.4.2&#8243; background_size=\u00bbinitial\u00bb background_position=\u00bbtop_left\u00bb background_repeat=\u00bbrepeat\u00bb]<\/p>\n<h3>Qui\u00e9nes somos<\/h3>\n<p>La direcci\u00f3n de nuestro sitio web es: <a href=\"https:\/\/www.pscl.com\">https:\/\/www.pscl.com<\/a>.<\/p>\n<hr \/>\n<h3>Datos personales que recopilamos y por qu\u00e9 los recopilamos<\/h3>\n<h3>Comentarios<\/h3>\n<p>Recolectamos datos de los comentarios que comparten los visitantes al sitio, desde el formulario de comentarios. Tambi\u00e9n recolectamos la direcci\u00f3n IP y la cadena del agente de usuario del navegador para ayudarnos a detectar el spam.<\/p>\n<p>Puede que verifiquemos su uso de su direcci\u00f3n de correo electr\u00f3nico al enviar una cadena an\u00f3nima creada a partir de su direcci\u00f3n de correo electr\u00f3nico (tambi\u00e9n denominada hash) al servicio Gravatar. La pol\u00edtica de privacidad del servicio Gravatar se encuentra <a href=\"https:\/\/automattic.com\/privacy\/\">aqu\u00ed<\/a>. A la aprobaci\u00f3n de su comentario, su foto de perfil ser\u00e1 visible al p\u00fablico en el contexto de su comentario.<\/p>\n<hr \/>\n<h3>Medios de comunicaci\u00f3n<\/h3>\n<p>If Debe evitar cargar im\u00e1genes que incluyen datos de ubicaci\u00f3n embebidos (GPS EXIF) a nuestro sitio web. Cuando visita nuestro sitio web, puede descargar y extraer cualquier dato de ubicaci\u00f3n de las im\u00e1genes en el sitio.<\/p>\n<hr \/>\n<h3>Formularios de contacto<\/h3>\n<h3>Cookies<\/h3>\n<p>Si deja un comentario en nuestro sitio, tendr\u00e1 la opci\u00f3n de guardar su nombre, direcci\u00f3n de correo electr\u00f3nico y sitio web en las cookies. Esta informaci\u00f3n permite al sitio identificarlo a su pr\u00f3xima visita para presentar un comentario, sin pedirle que vuelva a ingresar sus datos. Estas cookies vencen despu\u00e9s de un a\u00f1o.<\/p>\n<p>Si inicia sesi\u00f3n con su cuenta en este sitio, se crear\u00e1 una cookie temporal para determinar si su navegador acepta cookies. Esta cookie no contiene datos personales y se elimina cuando cierra su navegador.<\/p>\n<p>Empleamos varias cookies, cuando usted inicia sesi\u00f3n, para guardar su informaci\u00f3n de inicio de sesi\u00f3n y sus preferencias de visualizaci\u00f3n en pantalla. Las cookies de inicio de sesi\u00f3n vencen despu\u00e9s de dos d\u00edas, y las cookies de opciones de pantalla vencen despu\u00e9s de un a\u00f1o. Si selecciona \u00abRecu\u00e9rdame\u00bb, su inicio de sesi\u00f3n se retiene por dos semanas. Se eliminan las cookies de inicio de sesi\u00f3n cuando usted cierra sesi\u00f3n de su cuenta.<\/p>\n<p>Si edita o publica un art\u00edculo en nuestro sitio, se guardar\u00e1 una cookie adicional en su navegador. Esta cookie no contiene datos personales; solo muestra el ID de publicaci\u00f3n del art\u00edculo que usted acaba de editar. Esta cookie vence despu\u00e9s de 1 d\u00eda.<\/p>\n<hr \/>\n<h3>Contenido embebido de otros sitios web<\/h3>\n<p>Puede haber contenido embebido en los art\u00edculos en este sitio (por ejemplo, videos, im\u00e1genes, art\u00edculos, etc.). El contenido embebido de los sitios web de terceros act\u00faa exactamente como se encuentra en esos sitios web.<\/p>\n<p>Los sitios web de terceros pueden  recopilar sus datos, emplear las cookies, embeber m\u00e1s seguimiento de terceros y monitorear su interacci\u00f3n con el contenido embebido, incluido seguir c\u00f3mo usted manipula el contenido, cuando inicia sesi\u00f3n como titular de cuenta en esos sitios web.<\/p>\n<hr \/>\n<h3>Anal\u00edtica<\/h3>\n<h3>Con qui\u00e9n compartimos sus datos<\/h3>\n<h3>Retenci\u00f3n de sus datos<\/h3>\n<p>Todo comentario que deja en el sitio se guarda junto con los metadatos indefinidamente. Eso nos permite identificarlo y aprobar sus comentarios subsiguientes de manera autom\u00e1tica, sin tener que mantenerlos en una cola de moderaci\u00f3n.<\/p>\n<p>Retenemos la informaci\u00f3n personal de cualquier usuario que se registra en nuestro sitio web, en su perfil de usuario. Todos los usuarios pueden visualizar, editar o eliminar su informaci\u00f3n personal en cualquier momento (excepto su nombre de usuario). Los administradores del sitio web tambi\u00e9n pueden visualizar y editar esa informaci\u00f3n.<\/p>\n<hr \/>\n<h3>Sus derechos en cuanto a sus datos<\/h3>\n<p>Si tiene una cuenta en este sitio o ha compartido comentarios, puede pedir un archivo exportado de sus datos personales, m\u00e1s cualquier dato que nos ha proporcionado. Puede tambi\u00e9n exigir la eliminaci\u00f3n de cualquier informaci\u00f3n suya que tenemos, excepto los datos que debemos guardar para fines administrativos, legales o de seguridad.<\/p>\n<hr \/>\n<h3>Donde enviamos sus datos<\/h3>\n<p>Verificamos los comentarios de los visitantes al pasarlos por un servicio automatizado de detecci\u00f3n de spam.<\/p>\n<p>[\/et_pb_text][\/et_pb_column][\/et_pb_row][\/et_pb_section]<\/p>\n","protected":false},"excerpt":{"rendered":"<p>Qui\u00e9nes somos La direcci\u00f3n de nuestro sitio web es: https:\/\/www.pscl.com. Datos personales que recopilamos y por qu\u00e9 los recopilamos Comentarios Recolectamos datos de los comentarios que comparten los visitantes al sitio, desde el formulario de comentarios. Tambi\u00e9n recolectamos la direcci\u00f3n IP y la cadena del agente de usuario del navegador para ayudarnos a detectar el [&hellip;]<\/p>\n","protected":false},"author":1,"featured_media":0,"parent":0,"menu_order":0,"comment_status":"closed","ping_status":"closed","template":"","meta":{"_acf_changed":false,"_et_pb_use_builder":"on","_et_pb_old_content":"","_et_gb_content_width":"","inline_featured_image":false,"footnotes":""},"wf_page_folders":[9],"class_list":["post-1628","page","type-page","status-publish","hentry"],"acf":[],"yoast_head":"<!-- This site is optimized with the Yoast SEO plugin v27.3 - https:\/\/yoast.com\/product\/yoast-seo-wordpress\/ -->\n<title>Pol\u00edtica de privacidad - PSCL<\/title>\n<meta name=\"robots\" content=\"index, follow, max-snippet:-1, max-image-preview:large, max-video-preview:-1\" \/>\n<link rel=\"canonical\" href=\"https:\/\/www.pscl.com\/es\/politica-de-privacidad\/\" \/>\n<meta property=\"og:locale\" content=\"es_ES\" \/>\n<meta property=\"og:type\" content=\"article\" \/>\n<meta property=\"og:title\" content=\"Pol\u00edtica de privacidad - PSCL\" \/>\n<meta property=\"og:description\" content=\"Qui\u00e9nes somos La direcci\u00f3n de nuestro sitio web es: https:\/\/www.pscl.com. Datos personales que recopilamos y por qu\u00e9 los recopilamos Comentarios Recolectamos datos de los comentarios que comparten los visitantes al sitio, desde el formulario de comentarios. Tambi\u00e9n recolectamos la direcci\u00f3n IP y la cadena del agente de usuario del navegador para ayudarnos a detectar el [&hellip;]\" \/>\n<meta property=\"og:url\" content=\"https:\/\/www.pscl.com\/es\/politica-de-privacidad\/\" \/>\n<meta property=\"og:site_name\" content=\"PSCL\" \/>\n<meta property=\"article:modified_time\" content=\"2020-06-08T20:36:15+00:00\" \/>\n<meta name=\"twitter:card\" content=\"summary_large_image\" \/>\n<meta name=\"twitter:label1\" content=\"Tiempo de lectura\" \/>\n\t<meta name=\"twitter:data1\" content=\"4 minutos\" \/>\n<script type=\"application\/ld+json\" class=\"yoast-schema-graph\">{\"@context\":\"https:\\\/\\\/schema.org\",\"@graph\":[{\"@type\":\"WebPage\",\"@id\":\"https:\\\/\\\/www.pscl.com\\\/es\\\/politica-de-privacidad\\\/\",\"url\":\"https:\\\/\\\/www.pscl.com\\\/es\\\/politica-de-privacidad\\\/\",\"name\":\"Pol\u00edtica de privacidad - PSCL\",\"isPartOf\":{\"@id\":\"https:\\\/\\\/www.pscl.com\\\/es\\\/#website\"},\"datePublished\":\"2020-04-08T21:04:21+00:00\",\"dateModified\":\"2020-06-08T20:36:15+00:00\",\"breadcrumb\":{\"@id\":\"https:\\\/\\\/www.pscl.com\\\/es\\\/politica-de-privacidad\\\/#breadcrumb\"},\"inLanguage\":\"es\",\"potentialAction\":[{\"@type\":\"ReadAction\",\"target\":[\"https:\\\/\\\/www.pscl.com\\\/es\\\/politica-de-privacidad\\\/\"]}]},{\"@type\":\"BreadcrumbList\",\"@id\":\"https:\\\/\\\/www.pscl.com\\\/es\\\/politica-de-privacidad\\\/#breadcrumb\",\"itemListElement\":[{\"@type\":\"ListItem\",\"position\":1,\"name\":\"Home\",\"item\":\"https:\\\/\\\/www.pscl.com\\\/es\\\/inicio-3\\\/\"},{\"@type\":\"ListItem\",\"position\":2,\"name\":\"Pol\u00edtica de privacidad\"}]},{\"@type\":\"WebSite\",\"@id\":\"https:\\\/\\\/www.pscl.com\\\/es\\\/#website\",\"url\":\"https:\\\/\\\/www.pscl.com\\\/es\\\/\",\"name\":\"PSCL\",\"description\":\"Work smarter.\u00ae\",\"publisher\":{\"@id\":\"https:\\\/\\\/www.pscl.com\\\/es\\\/#organization\"},\"potentialAction\":[{\"@type\":\"SearchAction\",\"target\":{\"@type\":\"EntryPoint\",\"urlTemplate\":\"https:\\\/\\\/www.pscl.com\\\/es\\\/?s={search_term_string}\"},\"query-input\":{\"@type\":\"PropertyValueSpecification\",\"valueRequired\":true,\"valueName\":\"search_term_string\"}}],\"inLanguage\":\"es\"},{\"@type\":\"Organization\",\"@id\":\"https:\\\/\\\/www.pscl.com\\\/es\\\/#organization\",\"name\":\"PSCL\",\"url\":\"https:\\\/\\\/www.pscl.com\\\/es\\\/\",\"logo\":{\"@type\":\"ImageObject\",\"inLanguage\":\"es\",\"@id\":\"https:\\\/\\\/www.pscl.com\\\/es\\\/#\\\/schema\\\/logo\\\/image\\\/\",\"url\":\"https:\\\/\\\/www.pscl.com\\\/wp-content\\\/uploads\\\/2025\\\/07\\\/pscl-logoBlue.svg\",\"contentUrl\":\"https:\\\/\\\/www.pscl.com\\\/wp-content\\\/uploads\\\/2025\\\/07\\\/pscl-logoBlue.svg\",\"width\":\"1024\",\"height\":\"1024\",\"caption\":\"PSCL\"},\"image\":{\"@id\":\"https:\\\/\\\/www.pscl.com\\\/es\\\/#\\\/schema\\\/logo\\\/image\\\/\"},\"sameAs\":[\"https:\\\/\\\/www.linkedin.com\\\/company\\\/process-solutions-canada-ltd-\\\/\"]}]}<\/script>\n<!-- \/ Yoast SEO plugin. -->","yoast_head_json":{"title":"Pol\u00edtica de privacidad - PSCL","robots":{"index":"index","follow":"follow","max-snippet":"max-snippet:-1","max-image-preview":"max-image-preview:large","max-video-preview":"max-video-preview:-1"},"canonical":"https:\/\/www.pscl.com\/es\/politica-de-privacidad\/","og_locale":"es_ES","og_type":"article","og_title":"Pol\u00edtica de privacidad - PSCL","og_description":"Qui\u00e9nes somos La direcci\u00f3n de nuestro sitio web es: https:\/\/www.pscl.com. Datos personales que recopilamos y por qu\u00e9 los recopilamos Comentarios Recolectamos datos de los comentarios que comparten los visitantes al sitio, desde el formulario de comentarios. Tambi\u00e9n recolectamos la direcci\u00f3n IP y la cadena del agente de usuario del navegador para ayudarnos a detectar el [&hellip;]","og_url":"https:\/\/www.pscl.com\/es\/politica-de-privacidad\/","og_site_name":"PSCL","article_modified_time":"2020-06-08T20:36:15+00:00","twitter_card":"summary_large_image","twitter_misc":{"Tiempo de lectura":"4 minutos"},"schema":{"@context":"https:\/\/schema.org","@graph":[{"@type":"WebPage","@id":"https:\/\/www.pscl.com\/es\/politica-de-privacidad\/","url":"https:\/\/www.pscl.com\/es\/politica-de-privacidad\/","name":"Pol\u00edtica de privacidad - PSCL","isPartOf":{"@id":"https:\/\/www.pscl.com\/es\/#website"},"datePublished":"2020-04-08T21:04:21+00:00","dateModified":"2020-06-08T20:36:15+00:00","breadcrumb":{"@id":"https:\/\/www.pscl.com\/es\/politica-de-privacidad\/#breadcrumb"},"inLanguage":"es","potentialAction":[{"@type":"ReadAction","target":["https:\/\/www.pscl.com\/es\/politica-de-privacidad\/"]}]},{"@type":"BreadcrumbList","@id":"https:\/\/www.pscl.com\/es\/politica-de-privacidad\/#breadcrumb","itemListElement":[{"@type":"ListItem","position":1,"name":"Home","item":"https:\/\/www.pscl.com\/es\/inicio-3\/"},{"@type":"ListItem","position":2,"name":"Pol\u00edtica de privacidad"}]},{"@type":"WebSite","@id":"https:\/\/www.pscl.com\/es\/#website","url":"https:\/\/www.pscl.com\/es\/","name":"PSCL","description":"Work smarter.\u00ae","publisher":{"@id":"https:\/\/www.pscl.com\/es\/#organization"},"potentialAction":[{"@type":"SearchAction","target":{"@type":"EntryPoint","urlTemplate":"https:\/\/www.pscl.com\/es\/?s={search_term_string}"},"query-input":{"@type":"PropertyValueSpecification","valueRequired":true,"valueName":"search_term_string"}}],"inLanguage":"es"},{"@type":"Organization","@id":"https:\/\/www.pscl.com\/es\/#organization","name":"PSCL","url":"https:\/\/www.pscl.com\/es\/","logo":{"@type":"ImageObject","inLanguage":"es","@id":"https:\/\/www.pscl.com\/es\/#\/schema\/logo\/image\/","url":"https:\/\/www.pscl.com\/wp-content\/uploads\/2025\/07\/pscl-logoBlue.svg","contentUrl":"https:\/\/www.pscl.com\/wp-content\/uploads\/2025\/07\/pscl-logoBlue.svg","width":"1024","height":"1024","caption":"PSCL"},"image":{"@id":"https:\/\/www.pscl.com\/es\/#\/schema\/logo\/image\/"},"sameAs":["https:\/\/www.linkedin.com\/company\/process-solutions-canada-ltd-\/"]}]}},"jetpack_sharing_enabled":true,"_links":{"self":[{"href":"https:\/\/www.pscl.com\/es\/wp-json\/wp\/v2\/pages\/1628","targetHints":{"allow":["GET"]}}],"collection":[{"href":"https:\/\/www.pscl.com\/es\/wp-json\/wp\/v2\/pages"}],"about":[{"href":"https:\/\/www.pscl.com\/es\/wp-json\/wp\/v2\/types\/page"}],"author":[{"embeddable":true,"href":"https:\/\/www.pscl.com\/es\/wp-json\/wp\/v2\/users\/1"}],"replies":[{"embeddable":true,"href":"https:\/\/www.pscl.com\/es\/wp-json\/wp\/v2\/comments?post=1628"}],"version-history":[{"count":0,"href":"https:\/\/www.pscl.com\/es\/wp-json\/wp\/v2\/pages\/1628\/revisions"}],"wp:attachment":[{"href":"https:\/\/www.pscl.com\/es\/wp-json\/wp\/v2\/media?parent=1628"}],"wp:term":[{"taxonomy":"wf_page_folders","embeddable":true,"href":"https:\/\/www.pscl.com\/es\/wp-json\/wp\/v2\/wf_page_folders?post=1628"}],"curies":[{"name":"wp","href":"https:\/\/api.w.org\/{rel}","templated":true}]}}