{"id":1637,"date":"2020-04-09T10:30:33","date_gmt":"2020-04-09T16:30:33","guid":{"rendered":"https:\/\/www.pscl.com\/terminos-de-uso\/"},"modified":"2020-06-15T10:34:38","modified_gmt":"2020-06-15T16:34:38","slug":"terminos-de-uso","status":"publish","type":"page","link":"https:\/\/www.pscl.com\/es\/terminos-de-uso\/","title":{"rendered":"T\u00e9rminos de uso"},"content":{"rendered":"<p>[et_pb_section fb_built=\u00bb1&#8243; _builder_version=\u00bb3.22.3&#8243;][et_pb_row _builder_version=\u00bb3.25&#8243; background_size=\u00bbinitial\u00bb background_position=\u00bbtop_left\u00bb background_repeat=\u00bbrepeat\u00bb][et_pb_column type=\u00bb4_4&#8243; _builder_version=\u00bb3.25&#8243; custom_padding=\u00bb|||\u00bb custom_padding__hover=\u00bb|||\u00bb][et_pb_text _builder_version=\u00bb4.4.8&#8243; background_size=\u00bbinitial\u00bb background_position=\u00bbtop_left\u00bb background_repeat=\u00bbrepeat\u00bb hover_enabled=\u00bb0&#8243;]<\/p>\n<h3>Bienvenido a PSCL Inc.<\/h3>\n<p>Estos t\u00e9rminos y condiciones regulan el uso del sitio web de PSCL Inc.<\/p>\n<p>PSCL Inc. se encuentra en:<br \/>\n    16240 \u2013 116 Avenue NW<br \/>\n    Edmonton, Alberta<br \/>\n    T5M 3V4 Canada<\/p>\n<p>Al acceder a este sitio web, asumimos que usted acepta estos T\u00e9rminos y Condiciones en su totalidad. Si no est\u00e1 de acuerdo con todos los t\u00e9rminos y condiciones establecidos en el sitio web PSCL Inc., puede discontinuar us\u00e1ndolo.<\/p>\n<p>La siguiente terminolog\u00eda se aplica a estos T\u00e9rminos y Condiciones, Declaraci\u00f3n de Privacidad y Aviso de Descargo de Responsabilidad y cualquiera o todos los Acuerdos: \u201cCliente\u201d, \u201cUsted\u201d, se refieren a usted, la persona que accede a este sitio web y que acepta los t\u00e9rminos y condiciones de la Empresa. \u201cLa Empresa\u201d, \u201cNosotros mismos\u201d, \u201cNosotros\u201d y \u201cNuestro\u201d, se refieren a nuestra empresa. \u201cParte\u201d, \u201cPartes\u201d o \u201cNosotros\u201d se refieren tanto al Cliente como a nosotros mismos, o bien al cliente o a nosotros mismos. Todos los t\u00e9rminos se refieren a la oferta, la aceptaci\u00f3n y la consideraci\u00f3n de pago necesarias para la realizaci\u00f3n del proceso de nuestra asistencia al Cliente de la manera m\u00e1s apropiada, ya sea por reuniones formales de una duraci\u00f3n determinada, o por cualquier otro medio con el prop\u00f3sito expreso de satisfacer las necesidades del Cliente con respecto al suministro de los servicios\/productos establecidos por la Empresa, de acuerdo con y sujeto a la ley vigente de Canad\u00e1. Se entiende como intercambiable y por tanto lo mismo, cualquier uso de la terminolog\u00eda anterior u otras palabras en el singular, el plural, en may\u00fascula y\/o \u00e9l\/ella o ellos.<\/p>\n<h3>Cookies<\/h3>\n<p>Usamos las cookies. Al usar el sitio web de PSCL Inc., usted acepta el uso de las cookies de acuerdo con la pol\u00edtica de privacidad de PSCL Inc.<\/p>\n<p>La mayor\u00eda de los sitios web interactivos actuales emplean cookies para permitir la recuperaci\u00f3n de los datos del usuario para cada visita. Usamos las cookies en algunas \u00e1reas de nuestro sitio para permitir la funcionalidad de dicha \u00e1rea y facilitar su uso para los visitantes. Algunos de nuestros afiliados y socios de publicidad tambi\u00e9n podr\u00edan emplear las cookies.<\/p>\n<h3>Licencia<\/h3>\n<p>A menos que se indique lo contrario, PSCL Inc. y\/o sus concedentes son due\u00f1os de los derechos de propiedad intelectual de todos los materiales en PSCL Inc. Nos reservamos todos los derechos de propiedad intelectual. Puede visualizar y \/ o imprimir p\u00e1ginas de https:\/\/www.pscl.com para su uso personal sujeto a las restricciones establecidas en estos T\u00e9rminos y Condiciones.<\/p>\n<p>Usted no debe:<\/p>\n<ol>\n<li>Volver a publicar material de https:\/\/www.pscl.com<\/li>\n<li>Vender, alquilar o sublicenciar material de https:\/\/www.pscl.com<\/li>\n<li>Reproducir, duplicar o copiar material de https:\/\/www.pscl.com<\/li>\n<li>Redistribuir el contenido de PSCL Inc. (a menos que el contenido sea creado espec\u00edficamente para la redistribuci\u00f3n).<\/li>\n<\/ol>\n<h3>Comentarios de usuarios<\/h3>\n<ol>\n<li>Este Acuerdo comenzar\u00e1 en la fecha del presente.<\/li>\n<li>Algunas partes de este sitio web ofrecen a los usuarios la oportunidad de publicar e intercambiar opiniones, informaci\u00f3n, material y datos (&#8216;Comentarios&#8217;). PSCL Inc. no filtra, edita, publica o revisa los comentarios antes de su publicaci\u00f3n en el sitio web. Los comentarios no representan los puntos de vista u las opiniones de PSCL Inc., sus agentes o afiliados. Los comentarios representan el punto de vista y la opini\u00f3n de quien los public\u00f3. En la medida en que lo permitan las leyes aplicables, PSCL Inc. no ser\u00e1 responsable de los comentarios o de cualquier costo de p\u00e9rdida, responsabilidad jur\u00eddica, da\u00f1os o gastos causados y\/o sufridos como consecuencia de cualquier uso y\/o publicaci\u00f3n y\/o aparici\u00f3n de los comentarios en este sitio web.<\/li>\n<li>PSCL Inc. se reserva el derecho de monitorear todos los comentarios y eliminar cualquier comentario que considera, en su absoluta discreci\u00f3n, inapropiado, ofensivo o que, de otra manera, en violaci\u00f3n de estos T\u00e9rminos y Condiciones.<\/li>\n<li>Usted garantiza y declara que:\n<ol>\n<li>Est\u00e1 autorizado a publicar los Comentarios en nuestro sitio web y tiene todas las licencias y permisos necesarios;<\/li>\n<li>Los comentarios no infringen ning\u00fan derecho de propiedad intelectual, incluyendo, sin l\u00edmites, los derechos de autor, patentes o marcas registradas u otros derechos de propiedad de terceros;<\/li>\n<li>Los comentarios no contienen ning\u00fan material difamatorio, calumnioso, ofensivo, indecente o de otra forma ilegal, o material que sea invasi\u00f3n de la privacidad;<\/li>\n<li>Los comentarios no se usar\u00e1n para solicitar o promover actividades de negocios, actividades personalizadas, o no servir\u00e1n para emprender actividades comerciales o il\u00edcitas.<\/li>\n<\/ol>\n<\/li>\n<li>Por la presente, usted otorga a PSCL Inc. una licencia no exclusiva, exenta de regal\u00eda, para usar, reproducir, editar y autorizar a otros a usar, reproducir y editar cualquiera de sus comentarios en cualquiera de sus formas, formatos o medios.<\/li>\n<\/ol>\n<h3>Hiperv\u00ednculos a nuestro contenido<\/h3>\n<ol>\n<li>Las siguientes organizaciones pueden crear v\u00ednculos a nuestro sitio web sin aprobaci\u00f3n escrita previa:\n<ol>\n<li>Agencias gubernamentales;<\/li>\n<li>Motores de b\u00fasqueda;<\/li>\n<li>Medios de comunicaci\u00f3n;<\/li>\n<li>Distribuidores de directorios en l\u00ednea. Si nos tienen listado en su directorio, pueden enlazarse a nuestro sitio web de la misma manera que hacen hiperv\u00ednculos a los sitios web de otros negocios en la lista; y<\/li>\n<li>Empresas acreditadas en todo el sistema, excepto las organizaciones sin fines de lucro, los centros comerciales caritativos, y grupos de captaci\u00f3n de fondos caritativas.<\/li>\n<\/ol>\n<\/li>\n<\/ol>\n<ol>\n<li>Estas organizaciones pueden enlazarse a nuestra p\u00e1gina principal, nuestras publicaciones u otra informaci\u00f3n del sitio web siempre y cuando el enlace: (a) No sea enga\u00f1oso; (b) no implique un falso patrocinio, un aval o una aprobaci\u00f3n de la parte que crea el enlace y sus productos o servicios; y (c) cumpla con el contexto del sitio de la parte que hace el enlace.<\/li>\n<li>Podemos considerar y aprobar, a nuestra discreci\u00f3n exclusiva, otras solicitudes de enlace con nuestro sitio, de los siguientes tipos de organizaciones:\n<ol>\n<li>Fuentes de informaci\u00f3n comercial y\/o de consumidores conocidas; como las C\u00e1maras de comercio, la Asociaci\u00f3n Americana del Autom\u00f3vil, la AARP y la Uni\u00f3n de Consumidores;<\/li>\n<li>sitios comunitarios dot.com;<\/li>\n<li>asociaciones u otros grupos que representan organizaciones ben\u00e9ficas, incluyendo los sitios caritativos;<\/li>\n<li>distribuidores de directorios en l\u00ednea;<\/li>\n<li>portales de internet;<\/li>\n<li>empresas de contabilidad, de ley y de consultor\u00eda cuyos clientes primarios son empresas; e<\/li>\n<li>instituciones educativas y asociaciones comerciales.<\/li>\n<\/ol>\n<\/li>\n<\/ol>\n<p>Aprobaremos solicitudes de enlace de estas organizaciones si determinamos que: (a) el enlace no tendr\u00e1 ning\u00fan efecto desfavorable sobre nosotros o nuestras empresas acreditadas (no permitiremos enlaces, por ejemplo, por las asociaciones comerciales u otras organizaciones que representan tipos de negocios inherentemente sospechosos, como oportunidades de trabajo a domicilio); (b) la organizaci\u00f3n no tiene ning\u00fan r\u00e9cord insatisfactorio con nosotros; (c) el beneficio para nosotros por la visibilidad del hiperv\u00ednculo supera su ausencia; y (d) el enlace est\u00e1 en el contexto de la fuente general de informaci\u00f3n o que est\u00e1 de otra forma consistente con el contenido editorial en un bolet\u00edn o producto similar que promueve la misi\u00f3n de la organizaci\u00f3n.<\/p>\n<p>Estas organizaciones pueden enlazarse a nuestra p\u00e1gina principal, a publicaciones u otras informaciones del sitio web siempre y cuando el enlace: (a) no sea enga\u00f1oso; (b) no implique un falso patrocinio, un aval o una aprobaci\u00f3n de la parte que crea el enlace y sus productos o servicios; y (c) cumpla con el contexto del sitio de la parte que crea el enlace.<\/p>\n<p>Si se encuentra entre las organizaciones en la lista en el p\u00e1rrafo 2, arriba, y quiere enlazarse a nuestro sitio web, av\u00edsenos por correo electr\u00f3nico a <a href=\"mailto:sales@pscl.com\">sales@pscl.com<\/a>. Debe incluir en su correo electr\u00f3nico, su nombre, el nombre de su organizaci\u00f3n, su informaci\u00f3n de contacto (n\u00famero de tel\u00e9fono y \/ o direcci\u00f3n de correo electr\u00f3nico), el URL de su sitio, una lista de cualquier URL que quiere enlazar a nuestro sitio web, y tambi\u00e9n una lista con el\/los URL en nuestro sitio con el que quiere hacer un enlace. Permita 2-3 semanas para una respuesta.<\/p>\n<p>Las organizaciones aprobadas podr\u00e1n hacer hiperv\u00ednculos a nuestro sitio web de la manera siguiente forma:<\/p>\n<ol>\n<li>Al usar nuestro nombre corporativo; o<\/li>\n<li>Al usar el localizador uniforme de recursos (direcci\u00f3n web) al que se enlaza; o<\/li>\n<li>Al usar cualquier otra descripci\u00f3n de nuestro sitio web o material al que se enlaza que tenga sentido dentro del contexto y formato del contenido en el sitio de la parte que realiza el enlace.<\/li>\n<\/ol>\n<p>No se permite el uso del logo de PSCL Inc. u otro arte sin un acuerdo de licencia de marca registrada.<\/p>\n<h3>Marcos<\/h3>\n<p>Sin aprobaci\u00f3n previa y autorizaci\u00f3n expresa por escrito, usted no podr\u00e1 poner marcos alrededor de nuestras p\u00e1ginas web, ni usar t\u00e9cnicas que alteren de cualquier forma la presentaci\u00f3n visual o apariencia de nuestro sitio web.<\/p>\n<h3>Reservaci\u00f3n de derechos<\/h3>\n<p>Nos reservamos el derecho en cualquier momento y a nuestra discreci\u00f3n exclusiva de exigir que usted elimine todos los enlaces o un enlace espec\u00edfico de nuestro sitio web. Usted acepta eliminar inmediatamente todos los enlaces de nuestro sitio web cuando se le pedimos. Tambi\u00e9n nos reservamos el derecho de modificar estos T\u00e9rminos y Condiciones y nuestras pol\u00edticas de enlace en cualquier momento. Al continuar a enlazarse a nuestro sitio web, usted acepta y queda obligado por estos T\u00e9rminos y Condiciones de enlace.<\/p>\n<h3>Eliminaci\u00f3n de enlaces de nuestro sitio web<\/h3>\n<p>Si encuentra cualquier enlace en nuestro sitio web o cualquier sitio web enlazado que considera ofensivo, por cualquier raz\u00f3n, cont\u00e1ctenos. Examinaremos las solicitudes de eliminar enlaces de nuestro sitio web, pero no tendremos la obligaci\u00f3n de eliminarlos o de responder directamente a su solicitud.<\/p>\n<p>Si bien hacemos esfuerzos para asegurar que la informaci\u00f3n en este sitio web sea correcta, no garantizamos que est\u00e9 completa o sea exacta ni nos comprometemos a asegurar que el sitio web se mantenga disponible o que el material en el sitio web se mantenga actualizado.<\/p>\n<h3>Responsabilidad jur\u00eddica de contenido<\/h3>\n<p>No tendremos ning\u00fan compromiso ni responsabilidad jur\u00eddica por ning\u00fan contenido en nuestro sitio web. Usted acepta indemnizarnos y defendernos contra cualquier reclamo que surja de o se base en nuestro sitio web. No debe aparecer ning\u00fan enlace(s) en ninguna p\u00e1gina de nuestro sitio web, o dentro de ning\u00fan contexto con contenido o materiales que puedan ser interpretados como difamatorios, obscenos o criminales, o que infrinjan, o violen o fomenten la infracci\u00f3n u otra violaci\u00f3n de cualquier derecho de terceros.<\/p>\n<h3>Descargo de responsabilidad<\/h3>\n<p>En la medida m\u00e1xima permitida por la ley aplicable, excluimos todas las representaciones, las garant\u00edas y las condiciones relacionadas con nuestro sitio web y con el uso del mismo (incluyendo, entre otras, cualquier garant\u00eda impl\u00edcita por ley en respecto a la calidad satisfactoria, adecuada al prop\u00f3sito y\/o el uso razonable de atenci\u00f3n y habilidades). Nada en este descargo de responsabilidad:<\/p>\n<ol>\n<li>limita o excluye nuestra o su responsabilidad jur\u00eddica por muerte o da\u00f1os personales como resultado de una negligencia;<\/li>\n<li>limita o excluye nuestra o su responsabilidad por fraude o tergiversaci\u00f3n fraudulenta;<\/li>\n<li>limita cualquiera de nuestras o sus responsabilidades jur\u00eddicas de cualquier forma no permitida por la ley aplicable; o<\/li>\n<li>excluye cualquiera de nuestras o sus responsabilidades jur\u00eddicas que no puedan ser excluidas de acuerdo con la ley aplicable.<\/li>\n<\/ol>\n<p>Las limitaciones y exclusiones de responsabilidad jur\u00eddica establecidas en esta secci\u00f3n y en otras partes de este descargo: (a) est\u00e1n sujetas al p\u00e1rrafo anterior; y (b) rigen todas las responsabilidades jur\u00eddicas surgidas del descargo o en relaci\u00f3n al contenido de este descargo de responsabilidad, incluyendo las responsabilidades jur\u00eddicas surgidas en contrato, en agravio (incluyendo negligencia) y por incumplimiento de obligaci\u00f3n legal.<\/p>\n<p>En la medida en que el sitio web y la informaci\u00f3n y servicios en el sitio web se proporcionen de forma gratuita, no tendremos responsabilidad jur\u00eddica por ninguna p\u00e9rdida o da\u00f1o de cualquier naturaleza.<\/p>\n<p>[\/et_pb_text][\/et_pb_column][\/et_pb_row][\/et_pb_section]<\/p>\n","protected":false},"excerpt":{"rendered":"<p>Bienvenido a PSCL Inc. Estos t\u00e9rminos y condiciones regulan el uso del sitio web de PSCL Inc. PSCL Inc. se encuentra en: 16240 \u2013 116 Avenue NW Edmonton, Alberta T5M 3V4 Canada Al acceder a este sitio web, asumimos que usted acepta estos T\u00e9rminos y Condiciones en su totalidad. Si no est\u00e1 de acuerdo con [&hellip;]<\/p>\n","protected":false},"author":1,"featured_media":0,"parent":0,"menu_order":0,"comment_status":"closed","ping_status":"closed","template":"","meta":{"_acf_changed":false,"_et_pb_use_builder":"on","_et_pb_old_content":"","_et_gb_content_width":"","inline_featured_image":false,"footnotes":""},"wf_page_folders":[9],"class_list":["post-1637","page","type-page","status-publish","hentry"],"acf":[],"yoast_head":"<!-- This site is optimized with the Yoast SEO plugin v27.0 - https:\/\/yoast.com\/product\/yoast-seo-wordpress\/ -->\n<title>T\u00e9rminos de uso - PSCL<\/title>\n<meta name=\"robots\" content=\"index, follow, max-snippet:-1, max-image-preview:large, max-video-preview:-1\" \/>\n<link rel=\"canonical\" href=\"https:\/\/www.pscl.com\/es\/terminos-de-uso\/\" \/>\n<meta property=\"og:locale\" content=\"es_ES\" \/>\n<meta property=\"og:type\" content=\"article\" \/>\n<meta property=\"og:title\" content=\"T\u00e9rminos de uso - PSCL\" \/>\n<meta property=\"og:description\" content=\"Bienvenido a PSCL Inc. Estos t\u00e9rminos y condiciones regulan el uso del sitio web de PSCL Inc. PSCL Inc. se encuentra en: 16240 \u2013 116 Avenue NW Edmonton, Alberta T5M 3V4 Canada Al acceder a este sitio web, asumimos que usted acepta estos T\u00e9rminos y Condiciones en su totalidad. Si no est\u00e1 de acuerdo con [&hellip;]\" \/>\n<meta property=\"og:url\" content=\"https:\/\/www.pscl.com\/es\/terminos-de-uso\/\" \/>\n<meta property=\"og:site_name\" content=\"PSCL\" \/>\n<meta property=\"article:modified_time\" content=\"2020-06-15T16:34:38+00:00\" \/>\n<meta name=\"twitter:card\" content=\"summary_large_image\" \/>\n<meta name=\"twitter:label1\" content=\"Tiempo de lectura\" \/>\n\t<meta name=\"twitter:data1\" content=\"10 minutos\" \/>\n<script type=\"application\/ld+json\" class=\"yoast-schema-graph\">{\"@context\":\"https:\/\/schema.org\",\"@graph\":[{\"@type\":\"WebPage\",\"@id\":\"https:\/\/www.pscl.com\/es\/terminos-de-uso\/\",\"url\":\"https:\/\/www.pscl.com\/es\/terminos-de-uso\/\",\"name\":\"T\u00e9rminos de uso - PSCL\",\"isPartOf\":{\"@id\":\"https:\/\/www.pscl.com\/es\/#website\"},\"datePublished\":\"2020-04-09T16:30:33+00:00\",\"dateModified\":\"2020-06-15T16:34:38+00:00\",\"breadcrumb\":{\"@id\":\"https:\/\/www.pscl.com\/es\/terminos-de-uso\/#breadcrumb\"},\"inLanguage\":\"es\",\"potentialAction\":[{\"@type\":\"ReadAction\",\"target\":[\"https:\/\/www.pscl.com\/es\/terminos-de-uso\/\"]}]},{\"@type\":\"BreadcrumbList\",\"@id\":\"https:\/\/www.pscl.com\/es\/terminos-de-uso\/#breadcrumb\",\"itemListElement\":[{\"@type\":\"ListItem\",\"position\":1,\"name\":\"Home\",\"item\":\"https:\/\/www.pscl.com\/es\/inicio-3\/\"},{\"@type\":\"ListItem\",\"position\":2,\"name\":\"T\u00e9rminos de uso\"}]},{\"@type\":\"WebSite\",\"@id\":\"https:\/\/www.pscl.com\/es\/#website\",\"url\":\"https:\/\/www.pscl.com\/es\/\",\"name\":\"PSCL\",\"description\":\"Work smarter.\u00ae\",\"publisher\":{\"@id\":\"https:\/\/www.pscl.com\/es\/#organization\"},\"potentialAction\":[{\"@type\":\"SearchAction\",\"target\":{\"@type\":\"EntryPoint\",\"urlTemplate\":\"https:\/\/www.pscl.com\/es\/?s={search_term_string}\"},\"query-input\":{\"@type\":\"PropertyValueSpecification\",\"valueRequired\":true,\"valueName\":\"search_term_string\"}}],\"inLanguage\":\"es\"},{\"@type\":\"Organization\",\"@id\":\"https:\/\/www.pscl.com\/es\/#organization\",\"name\":\"PSCL\",\"url\":\"https:\/\/www.pscl.com\/es\/\",\"logo\":{\"@type\":\"ImageObject\",\"inLanguage\":\"es\",\"@id\":\"https:\/\/www.pscl.com\/es\/#\/schema\/logo\/image\/\",\"url\":\"https:\/\/www.pscl.com\/wp-content\/uploads\/2025\/07\/pscl-logoBlue.svg\",\"contentUrl\":\"https:\/\/www.pscl.com\/wp-content\/uploads\/2025\/07\/pscl-logoBlue.svg\",\"width\":\"1024\",\"height\":\"1024\",\"caption\":\"PSCL\"},\"image\":{\"@id\":\"https:\/\/www.pscl.com\/es\/#\/schema\/logo\/image\/\"},\"sameAs\":[\"https:\/\/www.linkedin.com\/company\/process-solutions-canada-ltd-\/\"]}]}<\/script>\n<!-- \/ Yoast SEO plugin. -->","yoast_head_json":{"title":"T\u00e9rminos de uso - PSCL","robots":{"index":"index","follow":"follow","max-snippet":"max-snippet:-1","max-image-preview":"max-image-preview:large","max-video-preview":"max-video-preview:-1"},"canonical":"https:\/\/www.pscl.com\/es\/terminos-de-uso\/","og_locale":"es_ES","og_type":"article","og_title":"T\u00e9rminos de uso - PSCL","og_description":"Bienvenido a PSCL Inc. Estos t\u00e9rminos y condiciones regulan el uso del sitio web de PSCL Inc. PSCL Inc. se encuentra en: 16240 \u2013 116 Avenue NW Edmonton, Alberta T5M 3V4 Canada Al acceder a este sitio web, asumimos que usted acepta estos T\u00e9rminos y Condiciones en su totalidad. Si no est\u00e1 de acuerdo con [&hellip;]","og_url":"https:\/\/www.pscl.com\/es\/terminos-de-uso\/","og_site_name":"PSCL","article_modified_time":"2020-06-15T16:34:38+00:00","twitter_card":"summary_large_image","twitter_misc":{"Tiempo de lectura":"10 minutos"},"schema":{"@context":"https:\/\/schema.org","@graph":[{"@type":"WebPage","@id":"https:\/\/www.pscl.com\/es\/terminos-de-uso\/","url":"https:\/\/www.pscl.com\/es\/terminos-de-uso\/","name":"T\u00e9rminos de uso - PSCL","isPartOf":{"@id":"https:\/\/www.pscl.com\/es\/#website"},"datePublished":"2020-04-09T16:30:33+00:00","dateModified":"2020-06-15T16:34:38+00:00","breadcrumb":{"@id":"https:\/\/www.pscl.com\/es\/terminos-de-uso\/#breadcrumb"},"inLanguage":"es","potentialAction":[{"@type":"ReadAction","target":["https:\/\/www.pscl.com\/es\/terminos-de-uso\/"]}]},{"@type":"BreadcrumbList","@id":"https:\/\/www.pscl.com\/es\/terminos-de-uso\/#breadcrumb","itemListElement":[{"@type":"ListItem","position":1,"name":"Home","item":"https:\/\/www.pscl.com\/es\/inicio-3\/"},{"@type":"ListItem","position":2,"name":"T\u00e9rminos de uso"}]},{"@type":"WebSite","@id":"https:\/\/www.pscl.com\/es\/#website","url":"https:\/\/www.pscl.com\/es\/","name":"PSCL","description":"Work smarter.\u00ae","publisher":{"@id":"https:\/\/www.pscl.com\/es\/#organization"},"potentialAction":[{"@type":"SearchAction","target":{"@type":"EntryPoint","urlTemplate":"https:\/\/www.pscl.com\/es\/?s={search_term_string}"},"query-input":{"@type":"PropertyValueSpecification","valueRequired":true,"valueName":"search_term_string"}}],"inLanguage":"es"},{"@type":"Organization","@id":"https:\/\/www.pscl.com\/es\/#organization","name":"PSCL","url":"https:\/\/www.pscl.com\/es\/","logo":{"@type":"ImageObject","inLanguage":"es","@id":"https:\/\/www.pscl.com\/es\/#\/schema\/logo\/image\/","url":"https:\/\/www.pscl.com\/wp-content\/uploads\/2025\/07\/pscl-logoBlue.svg","contentUrl":"https:\/\/www.pscl.com\/wp-content\/uploads\/2025\/07\/pscl-logoBlue.svg","width":"1024","height":"1024","caption":"PSCL"},"image":{"@id":"https:\/\/www.pscl.com\/es\/#\/schema\/logo\/image\/"},"sameAs":["https:\/\/www.linkedin.com\/company\/process-solutions-canada-ltd-\/"]}]}},"jetpack_sharing_enabled":true,"_links":{"self":[{"href":"https:\/\/www.pscl.com\/es\/wp-json\/wp\/v2\/pages\/1637","targetHints":{"allow":["GET"]}}],"collection":[{"href":"https:\/\/www.pscl.com\/es\/wp-json\/wp\/v2\/pages"}],"about":[{"href":"https:\/\/www.pscl.com\/es\/wp-json\/wp\/v2\/types\/page"}],"author":[{"embeddable":true,"href":"https:\/\/www.pscl.com\/es\/wp-json\/wp\/v2\/users\/1"}],"replies":[{"embeddable":true,"href":"https:\/\/www.pscl.com\/es\/wp-json\/wp\/v2\/comments?post=1637"}],"version-history":[{"count":0,"href":"https:\/\/www.pscl.com\/es\/wp-json\/wp\/v2\/pages\/1637\/revisions"}],"wp:attachment":[{"href":"https:\/\/www.pscl.com\/es\/wp-json\/wp\/v2\/media?parent=1637"}],"wp:term":[{"taxonomy":"wf_page_folders","embeddable":true,"href":"https:\/\/www.pscl.com\/es\/wp-json\/wp\/v2\/wf_page_folders?post=1637"}],"curies":[{"name":"wp","href":"https:\/\/api.w.org\/{rel}","templated":true}]}}