{"id":1848,"date":"2020-06-08T14:57:49","date_gmt":"2020-06-08T20:57:49","guid":{"rendered":"https:\/\/www.pscl.com\/politique-de-confidentialite\/"},"modified":"2020-06-08T14:57:49","modified_gmt":"2020-06-08T20:57:49","slug":"politique-de-confidentialite","status":"publish","type":"page","link":"https:\/\/www.pscl.com\/fr\/politique-de-confidentialite\/","title":{"rendered":"Politique de confidentialit\u00e9"},"content":{"rendered":"<p>[et_pb_section fb_built=\u00a0\u00bb1&Prime; _builder_version=\u00a0\u00bb3.22.3&Prime;][et_pb_row _builder_version=\u00a0\u00bb3.25&Prime; background_size=\u00a0\u00bbinitial\u00a0\u00bb background_position=\u00a0\u00bbtop_left\u00a0\u00bb background_repeat=\u00a0\u00bbrepeat\u00a0\u00bb][et_pb_column type=\u00a0\u00bb4_4&Prime; _builder_version=\u00a0\u00bb3.25&Prime; custom_padding=\u00a0\u00bb|||\u00a0\u00bb custom_padding__hover=\u00a0\u00bb|||\u00a0\u00bb][et_pb_text _builder_version=\u00a0\u00bb4.4.2&Prime; background_size=\u00a0\u00bbinitial\u00a0\u00bb background_position=\u00a0\u00bbtop_left\u00a0\u00bb background_repeat=\u00a0\u00bbrepeat\u00a0\u00bb]<\/p>\n<h3>Qui nous sommes<\/h3>\n<p>L\u2019adresse de notre site Web : <a href=\"https:\/\/www.pscl.com\">https:\/\/www.pscl.com<\/a>.<\/p>\n<hr\/>\n<h3>Les donn\u00e9es personnelles que nous collectons et pourquoi nous les collectons.<\/h3>\n<h3>Commentaires<\/h3>\n<p>Lorsque les visiteurs laissent des commentaires sur le site, nous collectons les donn\u00e9es affich\u00e9es sur le formulaire de commentaires, l\u2019adresse IP des visiteurs, ainsi que la cha\u00eene d\u2019agent utilisateur du navigateur, qui nous servent \u00e0 d\u00e9tecter les pourriels.<\/p>\n<p>Une cha\u00eene anonymis\u00e9e cr\u00e9\u00e9e de votre adresse de courriel (aussi d\u00e9nomm\u00e9e hash), peut \u00eatre envoy\u00e9e au service Gravatar, afin de v\u00e9rifier votre identit\u00e9 comme l\u2019utilisateur. La politique de confidentialit\u00e9 du service Gravatar est<br \/>\ndisponible \u00e0 <a href=\"https:\/\/automattic.com\/privacy\/\">partir d\u2019ici<\/a>. Lorsque votre commentaire a \u00e9t\u00e9 approuv\u00e9, votre photo de profil est affich\u00e9e au public par rapport \u00e0 votre commentaire.<\/p>\n<hr\/>\n<h3>M\u00e9dia<\/h3>\n<p>Lorsque vous t\u00e9l\u00e9chargez des images au site, veuillez ne pas t\u00e9l\u00e9charger les images incorpor\u00e9es avec les donn\u00e9es d\u2019emplacement (EXIF GPS). Les visiteurs au site web peuvent t\u00e9l\u00e9charger et extraire les donn\u00e9es d\u2019emplacement des images du site web.<\/p>\n<hr\/>\n<h3>Formulaires de contact<\/h3>\n<h3>T\u00e9moins (\u00ab Cookies \u00bb)<\/h3>\n<p>Si vous laissez un commentaire sur notre site, vous pouvez choisir d\u2019enregistrer votre nom, votre adresse de courriel et votre site Web dans des t\u00e9moins. L\u2019id\u00e9e c\u2019est qu\u2019il est convenable, la prochaine fois que vous laissez un commentaire, de ne pas refaire tout. Ces cookies restent pendant un an.<\/p>\n<p>Si vous avez un compte et que vous vous connectez \u00e0 ce site, nous installerons un t\u00e9moin temporaire pour d\u00e9terminer si votre navigateur accepte les t\u00e9moins. Ce t\u00e9moin ne contient aucune donn\u00e9e personnelle et est supprim\u00e9 lorsque vous fermez votre navigateur.<\/p>\n<p>Lorsque vous vous connectez, nous installerons \u00e9galement plusieurs t\u00e9moins pour enregistrer vos informations de connexion et vos choix d\u2019affichage \u00e0 l\u2019\u00e9cran. Les t\u00e9moins de connexion durent deux jours et les t\u00e9moins d\u2019options d\u2019\u00e9cran durent un an. Si vous s\u00e9lectionnez \u201cSe souvenir de moi\u201d, votre connexion persistera pendant deux semaines. Si vous vous d\u00e9connectez de votre compte, les t\u00e9moins de connexion seront supprim\u00e9s.<\/p>\n<p>Si vous modifiez ou publiez un article, un t\u00e9moin suppl\u00e9mentaire sera install\u00e9 dans votre navigateur. Ce t\u00e9moin n\u2019inclut pas vos donn\u00e9es personnelles; il sert simplement \u00e0 indiquer l\u2019identificateur de publication de l\u2019article que vous venez de publier. Ce t\u00e9moin expire apr\u00e8s un jour.<\/p>\n<hr\/>\n<h3>Contenu incorpor\u00e9 provenant d\u2019autres sites Web<\/h3>\n<p>Les articles sur ce site peuvent comprendre des contenus incorpor\u00e9s (par exemple, les vid\u00e9os, les images, les articles, etc.). Les contenus incorpor\u00e9s d\u2019autres sites Web apparaissent de la m\u00eame fa\u00e7on que sur le site Web d\u2019origine.<\/p>\n<p>Il se peut que les autres sites Web collectent vos coordonn\u00e9es, utilisent les t\u00e9moins, incorporent le suivi tiers suppl\u00e9mentaire, et surveillent votre interaction avec le contenu incorpor\u00e9, y compris le suivi de votre interaction avec le contenu incorpor\u00e9, si vous avez un compte et si vous vous \u00eates connect\u00e9 \u00e0 ce site Web.<\/p>\n<hr\/>\n<h3>Les analytiques<\/h3>\n<h3>Avec qui nous partageons vos donn\u00e9es<\/h3>\n<h3>Combien de temps nous conservons vos donn\u00e9es<\/h3>\n<p>Si vous laissez un commentaire, le commentaire et ses m\u00e9tadonn\u00e9es sont conserv\u00e9s ind\u00e9finiment. Cela nous permet de reconna\u00eetre et d\u2019approuver automatiquement tous les commentaires de suivi, au lieu de les conserver dans une file d\u2019attente de mod\u00e9ration.<\/p>\n<p>Quant aux utilisateurs qui s\u2019inscrivent sur notre site Web (s\u2019il y a lieu), nous stockons \u00e9galement les informations personnelles qu\u2019ils fournissent dans leur profil d\u2019utilisateur. Tous les utilisateurs peuvent voir, modifier ou supprimer leurs informations personnelles \u00e0 tout moment (sauf qu\u2019ils ne peuvent pas changer leur nom d\u2019utilisateur). Les administrateurs de sites Web peuvent \u00e9galement voir et modifier ces informations.<\/p>\n<hr\/>\n<h3>Quels droits avez-vous sur vos donn\u00e9es<\/h3>\n<p>Si vous avez un compte sur ce site, ou si vous avez laiss\u00e9 des commentaires, vous pouvez nous demander d\u2019un fichier export\u00e9 de vos donn\u00e9es personnelles que nous d\u00e9tenons \u00e0 votre sujet, y compris toutes les donn\u00e9es que vous nous avez fournies. Vous pouvez \u00e9galement nous demander d\u2019\u00e9liminer toutes vos donn\u00e9es personnelles que nous d\u00e9tenons. Cela n\u2019inclut aucune donn\u00e9e que nous sommes oblig\u00e9es de conserver \u00e0 des fins administratives, juridiques ou de s\u00e9curit\u00e9.<\/p>\n<hr\/>\n<h3>O\u00f9 nous envoyons vos donn\u00e9es<\/h3>\n<p>Nous opterons de v\u00e9rifier les commentaires des visiteurs via un service de d\u00e9tection de spam automatis\u00e9.<\/p>\n<p>[\/et_pb_text][\/et_pb_column][\/et_pb_row][\/et_pb_section]<\/p>\n","protected":false},"excerpt":{"rendered":"<p>Qui nous sommes L\u2019adresse de notre site Web : https:\/\/www.pscl.com. Les donn\u00e9es personnelles que nous collectons et pourquoi nous les collectons. Commentaires Lorsque les visiteurs laissent des commentaires sur le site, nous collectons les donn\u00e9es affich\u00e9es sur le formulaire de commentaires, l\u2019adresse IP des visiteurs, ainsi que la cha\u00eene d\u2019agent utilisateur du navigateur, qui nous [&hellip;]<\/p>\n","protected":false},"author":1,"featured_media":0,"parent":0,"menu_order":0,"comment_status":"closed","ping_status":"closed","template":"","meta":{"_acf_changed":false,"_et_pb_use_builder":"on","_et_pb_old_content":"","_et_gb_content_width":"","inline_featured_image":false,"footnotes":""},"wf_page_folders":[9],"class_list":["post-1848","page","type-page","status-publish","hentry"],"acf":[],"yoast_head":"<!-- This site is optimized with the Yoast SEO plugin v27.0 - https:\/\/yoast.com\/product\/yoast-seo-wordpress\/ -->\n<title>Politique de confidentialit\u00e9 - PSCL<\/title>\n<meta name=\"robots\" content=\"index, follow, max-snippet:-1, max-image-preview:large, max-video-preview:-1\" \/>\n<link rel=\"canonical\" href=\"https:\/\/www.pscl.com\/fr\/politique-de-confidentialite\/\" \/>\n<meta property=\"og:locale\" content=\"fr_FR\" \/>\n<meta property=\"og:type\" content=\"article\" \/>\n<meta property=\"og:title\" content=\"Politique de confidentialit\u00e9 - PSCL\" \/>\n<meta property=\"og:description\" content=\"Qui nous sommes L\u2019adresse de notre site Web : https:\/\/www.pscl.com. Les donn\u00e9es personnelles que nous collectons et pourquoi nous les collectons. Commentaires Lorsque les visiteurs laissent des commentaires sur le site, nous collectons les donn\u00e9es affich\u00e9es sur le formulaire de commentaires, l\u2019adresse IP des visiteurs, ainsi que la cha\u00eene d\u2019agent utilisateur du navigateur, qui nous [&hellip;]\" \/>\n<meta property=\"og:url\" content=\"https:\/\/www.pscl.com\/fr\/politique-de-confidentialite\/\" \/>\n<meta property=\"og:site_name\" content=\"PSCL\" \/>\n<meta name=\"twitter:card\" content=\"summary_large_image\" \/>\n<meta name=\"twitter:label1\" content=\"Dur\u00e9e de lecture estim\u00e9e\" \/>\n\t<meta name=\"twitter:data1\" content=\"4 minutes\" \/>\n<script type=\"application\/ld+json\" class=\"yoast-schema-graph\">{\"@context\":\"https:\/\/schema.org\",\"@graph\":[{\"@type\":\"WebPage\",\"@id\":\"https:\/\/www.pscl.com\/fr\/politique-de-confidentialite\/\",\"url\":\"https:\/\/www.pscl.com\/fr\/politique-de-confidentialite\/\",\"name\":\"Politique de confidentialit\u00e9 - PSCL\",\"isPartOf\":{\"@id\":\"https:\/\/www.pscl.com\/fr\/#website\"},\"datePublished\":\"2020-06-08T20:57:49+00:00\",\"breadcrumb\":{\"@id\":\"https:\/\/www.pscl.com\/fr\/politique-de-confidentialite\/#breadcrumb\"},\"inLanguage\":\"fr-FR\",\"potentialAction\":[{\"@type\":\"ReadAction\",\"target\":[\"https:\/\/www.pscl.com\/fr\/politique-de-confidentialite\/\"]}]},{\"@type\":\"BreadcrumbList\",\"@id\":\"https:\/\/www.pscl.com\/fr\/politique-de-confidentialite\/#breadcrumb\",\"itemListElement\":[{\"@type\":\"ListItem\",\"position\":1,\"name\":\"Home\",\"item\":\"https:\/\/www.pscl.com\/fr\/accueil-3\/\"},{\"@type\":\"ListItem\",\"position\":2,\"name\":\"Politique de confidentialit\u00e9\"}]},{\"@type\":\"WebSite\",\"@id\":\"https:\/\/www.pscl.com\/fr\/#website\",\"url\":\"https:\/\/www.pscl.com\/fr\/\",\"name\":\"PSCL\",\"description\":\"Work smarter.\u00ae\",\"publisher\":{\"@id\":\"https:\/\/www.pscl.com\/fr\/#organization\"},\"potentialAction\":[{\"@type\":\"SearchAction\",\"target\":{\"@type\":\"EntryPoint\",\"urlTemplate\":\"https:\/\/www.pscl.com\/fr\/?s={search_term_string}\"},\"query-input\":{\"@type\":\"PropertyValueSpecification\",\"valueRequired\":true,\"valueName\":\"search_term_string\"}}],\"inLanguage\":\"fr-FR\"},{\"@type\":\"Organization\",\"@id\":\"https:\/\/www.pscl.com\/fr\/#organization\",\"name\":\"PSCL\",\"url\":\"https:\/\/www.pscl.com\/fr\/\",\"logo\":{\"@type\":\"ImageObject\",\"inLanguage\":\"fr-FR\",\"@id\":\"https:\/\/www.pscl.com\/fr\/#\/schema\/logo\/image\/\",\"url\":\"https:\/\/www.pscl.com\/wp-content\/uploads\/2025\/07\/pscl-logoBlue.svg\",\"contentUrl\":\"https:\/\/www.pscl.com\/wp-content\/uploads\/2025\/07\/pscl-logoBlue.svg\",\"width\":\"1024\",\"height\":\"1024\",\"caption\":\"PSCL\"},\"image\":{\"@id\":\"https:\/\/www.pscl.com\/fr\/#\/schema\/logo\/image\/\"},\"sameAs\":[\"https:\/\/www.linkedin.com\/company\/process-solutions-canada-ltd-\/\"]}]}<\/script>\n<!-- \/ Yoast SEO plugin. -->","yoast_head_json":{"title":"Politique de confidentialit\u00e9 - PSCL","robots":{"index":"index","follow":"follow","max-snippet":"max-snippet:-1","max-image-preview":"max-image-preview:large","max-video-preview":"max-video-preview:-1"},"canonical":"https:\/\/www.pscl.com\/fr\/politique-de-confidentialite\/","og_locale":"fr_FR","og_type":"article","og_title":"Politique de confidentialit\u00e9 - PSCL","og_description":"Qui nous sommes L\u2019adresse de notre site Web : https:\/\/www.pscl.com. Les donn\u00e9es personnelles que nous collectons et pourquoi nous les collectons. Commentaires Lorsque les visiteurs laissent des commentaires sur le site, nous collectons les donn\u00e9es affich\u00e9es sur le formulaire de commentaires, l\u2019adresse IP des visiteurs, ainsi que la cha\u00eene d\u2019agent utilisateur du navigateur, qui nous [&hellip;]","og_url":"https:\/\/www.pscl.com\/fr\/politique-de-confidentialite\/","og_site_name":"PSCL","twitter_card":"summary_large_image","twitter_misc":{"Dur\u00e9e de lecture estim\u00e9e":"4 minutes"},"schema":{"@context":"https:\/\/schema.org","@graph":[{"@type":"WebPage","@id":"https:\/\/www.pscl.com\/fr\/politique-de-confidentialite\/","url":"https:\/\/www.pscl.com\/fr\/politique-de-confidentialite\/","name":"Politique de confidentialit\u00e9 - PSCL","isPartOf":{"@id":"https:\/\/www.pscl.com\/fr\/#website"},"datePublished":"2020-06-08T20:57:49+00:00","breadcrumb":{"@id":"https:\/\/www.pscl.com\/fr\/politique-de-confidentialite\/#breadcrumb"},"inLanguage":"fr-FR","potentialAction":[{"@type":"ReadAction","target":["https:\/\/www.pscl.com\/fr\/politique-de-confidentialite\/"]}]},{"@type":"BreadcrumbList","@id":"https:\/\/www.pscl.com\/fr\/politique-de-confidentialite\/#breadcrumb","itemListElement":[{"@type":"ListItem","position":1,"name":"Home","item":"https:\/\/www.pscl.com\/fr\/accueil-3\/"},{"@type":"ListItem","position":2,"name":"Politique de confidentialit\u00e9"}]},{"@type":"WebSite","@id":"https:\/\/www.pscl.com\/fr\/#website","url":"https:\/\/www.pscl.com\/fr\/","name":"PSCL","description":"Work smarter.\u00ae","publisher":{"@id":"https:\/\/www.pscl.com\/fr\/#organization"},"potentialAction":[{"@type":"SearchAction","target":{"@type":"EntryPoint","urlTemplate":"https:\/\/www.pscl.com\/fr\/?s={search_term_string}"},"query-input":{"@type":"PropertyValueSpecification","valueRequired":true,"valueName":"search_term_string"}}],"inLanguage":"fr-FR"},{"@type":"Organization","@id":"https:\/\/www.pscl.com\/fr\/#organization","name":"PSCL","url":"https:\/\/www.pscl.com\/fr\/","logo":{"@type":"ImageObject","inLanguage":"fr-FR","@id":"https:\/\/www.pscl.com\/fr\/#\/schema\/logo\/image\/","url":"https:\/\/www.pscl.com\/wp-content\/uploads\/2025\/07\/pscl-logoBlue.svg","contentUrl":"https:\/\/www.pscl.com\/wp-content\/uploads\/2025\/07\/pscl-logoBlue.svg","width":"1024","height":"1024","caption":"PSCL"},"image":{"@id":"https:\/\/www.pscl.com\/fr\/#\/schema\/logo\/image\/"},"sameAs":["https:\/\/www.linkedin.com\/company\/process-solutions-canada-ltd-\/"]}]}},"jetpack_sharing_enabled":true,"_links":{"self":[{"href":"https:\/\/www.pscl.com\/fr\/wp-json\/wp\/v2\/pages\/1848","targetHints":{"allow":["GET"]}}],"collection":[{"href":"https:\/\/www.pscl.com\/fr\/wp-json\/wp\/v2\/pages"}],"about":[{"href":"https:\/\/www.pscl.com\/fr\/wp-json\/wp\/v2\/types\/page"}],"author":[{"embeddable":true,"href":"https:\/\/www.pscl.com\/fr\/wp-json\/wp\/v2\/users\/1"}],"replies":[{"embeddable":true,"href":"https:\/\/www.pscl.com\/fr\/wp-json\/wp\/v2\/comments?post=1848"}],"version-history":[{"count":0,"href":"https:\/\/www.pscl.com\/fr\/wp-json\/wp\/v2\/pages\/1848\/revisions"}],"wp:attachment":[{"href":"https:\/\/www.pscl.com\/fr\/wp-json\/wp\/v2\/media?parent=1848"}],"wp:term":[{"taxonomy":"wf_page_folders","embeddable":true,"href":"https:\/\/www.pscl.com\/fr\/wp-json\/wp\/v2\/wf_page_folders?post=1848"}],"curies":[{"name":"wp","href":"https:\/\/api.w.org\/{rel}","templated":true}]}}