{"id":1855,"date":"2020-06-10T15:24:52","date_gmt":"2020-06-10T21:24:52","guid":{"rendered":"https:\/\/www.pscl.com\/conditions-dutilisation\/"},"modified":"2020-06-10T15:26:55","modified_gmt":"2020-06-10T21:26:55","slug":"conditions-dutilisation","status":"publish","type":"page","link":"https:\/\/www.pscl.com\/fr\/conditions-dutilisation\/","title":{"rendered":"Conditions d\u2019utilisation"},"content":{"rendered":"<p>[et_pb_section fb_built=\u00a0\u00bb1&Prime; _builder_version=\u00a0\u00bb3.22.3&Prime;][et_pb_row _builder_version=\u00a0\u00bb3.25&Prime; background_size=\u00a0\u00bbinitial\u00a0\u00bb background_position=\u00a0\u00bbtop_left\u00a0\u00bb background_repeat=\u00a0\u00bbrepeat\u00a0\u00bb][et_pb_column type=\u00a0\u00bb4_4&Prime; _builder_version=\u00a0\u00bb3.25&Prime; custom_padding=\u00a0\u00bb|||\u00a0\u00bb custom_padding__hover=\u00a0\u00bb|||\u00a0\u00bb][et_pb_text _builder_version=\u00a0\u00bb4.4.8&Prime; background_size=\u00a0\u00bbinitial\u00a0\u00bb background_position=\u00a0\u00bbtop_left\u00a0\u00bb background_repeat=\u00a0\u00bbrepeat\u00a0\u00bb hover_enabled=\u00a0\u00bb0&Prime;]<\/p>\n<h3>Bienvenue \u00e0 PSCL Inc.<\/h3>\n<p>Ces termes et conditions d\u00e9crivent les r\u00e8gles et r\u00e8glements qui r\u00e9gissent l\u2019utilisation du site Web de PSCL Inc.<\/p>\n<p>PSCL Inc. est situ\u00e9 \u00e0 :<br \/>\n    16240 \u2013 116 Avenue NW<br \/>\n    Edmonton, Alberta<br \/>\n    T5M 3V4 Canada<\/p>\n<p>Lorsque vous naviguez sur ce site Web, nous supposons que vous acceptez ces termes et conditions dans leur int\u00e9gralit\u00e9. Si vous ne souhaitez pas accepter les modalit\u00e9s et conditions \u00e9nonc\u00e9es sur cette page, veuillez cesser d\u2019utiliser le site.<\/p>\n<p>La terminologie suivante s\u2019applique aux pr\u00e9sentes conditions g\u00e9n\u00e9rales, \u00e0 la d\u00e9claration de confidentialit\u00e9 et \u00e0 la clause de non-responsabilit\u00e9, ainsi qu\u2019\u00e0 tous les accords : \u00ab Client \u00bb, \u00ab Vous \u00bb et \u00ab Votre \u00bb font r\u00e9f\u00e9rence \u00e0 vous, \u00e0 la personne qui se connecte sur ce site Web et qui est conforme aux conditions g\u00e9n\u00e9rales de notre soci\u00e9t\u00e9. \u00ab La soci\u00e9t\u00e9 \u00bb, \u00ab nous-m\u00eames \u00bb, \u00ab nous \u00bb \u00ab notre \u00bb et \u00ab nous \u00bb d\u00e9crivent notre soci\u00e9t\u00e9. \u00ab Partie \u00bb, \u00ab Parties \u00bb ou \u00ab Nous \u00bb font r\u00e9f\u00e9rence \u00e0 la fois au client et \u00e0 nous-m\u00eames. Tous les termes font r\u00e9f\u00e9rence \u00e0 l\u2019offre, l\u2019acceptation et \u00e0 la consid\u00e9ration du paiement n\u00e9cessaire pour entreprendre le processus de notre soutien \u00e0 la client\u00e8le de la mani\u00e8re la plus appropri\u00e9e, que ce soit par des r\u00e9unions formelles d\u2019une dur\u00e9e fixe, ou par tout autre moyen, dans le but expr\u00e8s de r\u00e9pondre aux besoins du client en ce qui concerne la fourniture de nos services \/ produits, conform\u00e9ment au et soumis \u00e0 la loi en vigueur au Canada. Toute utilisation de la terminologie ci-dessus ou d\u2019autres mots au singulier, au pluriel, en majuscule et \/ ou il ou elle, sont consid\u00e9r\u00e9s comme interchangeables et donc comme d\u00e9signant ces termes.<\/p>\n<h3>T\u00e9moins (\u00ab Cookies \u00bb)<\/h3>\n<p>Nous utilisons des t\u00e9moins. En utilisant le site de PSCL Inc., vous consentez \u00e0 notre utilisation des t\u00e9moins conform\u00e9ment \u00e0 la politique de confidentialit\u00e9 de PSCL Inc.<\/p>\n<p>La plupart des sites web interactifs modernes utilisent des t\u00e9moins pour l\u2019enregistrement des informations d\u2019utilisateur afin de faciliter la navigation future sur le site. Nous utilisons les t\u00e9moins dans certaines zones de notre site pour faciliter la navigation des utilisateurs. Il se peut que certains de nos partenaires \/ affili\u00e9s de publicit\u00e9 utilisent des t\u00e9moins.<\/p>\n<h3>Licence<\/h3>\n<p>Sauf indication contraire, PSCL Inc. et ses conc\u00e9dants de licence d\u00e9tiennent les droits de propri\u00e9t\u00e9 intellectuelle sur tout le contenu du site PSCL Inc. Tous nos droits de propri\u00e9t\u00e9 intellectuelle sont r\u00e9serv\u00e9s. Vous pouvez visualiser et \/ ou imprimer des pages \u00e0 partir de https:\/\/www.pscl.com aux fins personnelles, aux conditions suivantes.<\/p>\n<p>Vous ne devez pas :<\/p>\n<ol>\n<li>Republier du mat\u00e9riel provenant de https:\/\/www.pscl.com<\/li>\n<li>Vendre, louer ou conc\u00e9der sous licence du mat\u00e9riel provenant de https:\/\/www.pscl.com<\/li>\n<li>Reproduire, dupliquer ou copier du mat\u00e9riel du site https:\/\/www.pscl.com<\/li>\n<li>Redistribuer le contenu de PSCL Inc. (sauf si le contenu est sp\u00e9cifiquement con\u00e7u pour la redistribution).<\/li>\n<\/ol>\n<h3>Commentaires des utilisateurs<\/h3>\n<ol>\n<li>Le pr\u00e9sent accord prend effet \u00e0 la date des pr\u00e9sentes.<\/li>\n<li>L\u2019utilisateur peut publier et \u00e9changer des opinions, des informations, du mat\u00e9riel et des donn\u00e9es (\u00ab commentaires \u00bb) sur certaines zones de ce site. PSCL Inc. ne filtre pas, n\u2019\u00e9dite pas, ne publie pas et ne r\u00e9vise pas les commentaires avant leur publication sur le site. Les commentaires ne repr\u00e9sentent pas les vues ou les opinions de PSCL Inc., de ses agents ou ses affili\u00e9s. Les commentaires repr\u00e9sentent les points de vue et les opinions de la personne qui publie leurs points de vue et opinions. Dans la mesure permise par les lois applicables, PSCL Inc. ne peut \u00eatre tenu responsable des commentaires, de toute co\u00fbt des sinistres, de responsabilit\u00e9, des dommages ou des frais caus\u00e9s et \/ ou subis en cons\u00e9quence de l\u2019utilisation et \/ ou de la publication et \/ ou de pr\u00e9sentation des commentaires sur ce site Web.<\/li>\n<li>PSCL Inc. se r\u00e9serve le droit de surveiller tous les commentaires et de supprimer ceux qu\u2019il consid\u00e8re \u00e0 son enti\u00e8re discr\u00e9tion comme \u00e9tant inappropri\u00e9s, offensants ou entrainant une violation des pr\u00e9sentes conditions.<\/li>\n<li>Vous garantissez et d\u00e9clarez que:\n<ol>\n<li>Vous \u00eates autoris\u00e9 \u00e0 afficher les commentaires sur notre site Web et que vous disposez de toutes les licences et autorisations n\u00e9cessaires pour le faire;<\/li>\n<li>Vos commentaires n\u2019enfreignent aucun droit de propri\u00e9t\u00e9 intellectuelle, y compris, sans limitation, les droits d\u2019auteur, les brevets ou les marques de commerce ou tout autre droit de propri\u00e9t\u00e9 de tiers;<\/li>\n<li>Vos commentaires ne contiennent aucun mat\u00e9riel diffamatoire, calomnieux, offensant, ind\u00e9cent ou autrement ill\u00e9gal ou qui constitue une atteinte \u00e0 la vie priv\u00e9e;<\/li>\n<li>Vos commentaires ne seront pas utilis\u00e9s aux fins de la sollicitation ou la promotion des activit\u00e9s commerciales ou personnalis\u00e9es ou utilis\u00e9s de pr\u00e9senter des activit\u00e9s commerciales ou ill\u00e9gales.<\/li>\n<\/ol>\n<\/li>\n<li>Vous accordez par la pr\u00e9sente \u00e0 PSCL Inc. une licence non exclusive sans redevance qui nous permet d\u2019utiliser, de reproduire, d\u2019\u00e9diter, et d\u2019autoriser des tiers \u00e0 utiliser, reproduire et modifier n\u2019importe quel de vos commentaires, quelle que soit la forme, le format ou le support.<\/li>\n<\/ol>\n<h3>Hyperlien vers notre contenu<\/h3>\n<ol>\n<li>Les organisations suivantes peuvent cr\u00e9er un lien vers notre site Web sans autorisation \u00e9crite pr\u00e9alable :\n<ol>\n<li>Les organismes gouvernementaux;<\/li>\n<li>Les moteurs de recherche;<\/li>\n<li>Les agences de presse;<\/li>\n<li>Les distributeurs d\u2019annuaires en ligne qui nous listent dans leur annuaire peuvent cr\u00e9er un lien vers notre site Web de la m\u00eame mani\u00e8re qu\u2019ils cr\u00e9ent des hyperliens vers les sites web d\u2019autres entreprises list\u00e9es; et<\/li>\n<li>Les entreprises accr\u00e9dit\u00e9es \u00e0 l\u2019\u00e9chelle du r\u00e9seau, \u00e0 l\u2019exception des organisations de la sollicitation \u00e0 but non lucratif, de centres commerciaux, et d\u2019organismes de bienfaisance de collecte de fonds.<\/li>\n<\/ol>\n<\/li>\n<\/ol>\n<ol>\n<li>Ces organisations peuvent cr\u00e9er un lien vers notre page d\u2019accueil, vers des publications ou d\u2019autres informations sur le site Web, tant que le lien: (a) n\u2019est en aucun cas trompeur; (b) n\u2019implique pas faussement le parrainage, la promotion ou l\u2019approbation de la partie qui cr\u00e9e le lien et de ses produits ou services; et (c) s\u2019inscrit dans le contexte du site de la partie qui cr\u00e9e le lien.<\/li>\n<li>Nous pouvons consid\u00e9rer et approuver \u00e0 notre seule discr\u00e9tion d\u2019autres demandes de lien des types d\u2019organisations suivants :\n<ol>\n<li>des sources d\u2019information sur les consommateurs et \/ ou les entreprises connues, telles que les chambres de commerce, l\u2019American Automobile Association, l\u2019AARP et le Consumers Union;<\/li>\n<li>les sites communautaires dot.com;<\/li>\n<li>les associations ou autres groupes repr\u00e9sentant des organisations caritatives, y compris les sites de dons caritatifs;<\/li>\n<li>les distributeurs d\u2019annuaires en ligne;<\/li>\n<li>les portails internet;<\/li>\n<li>les cabinets comptables, d\u2019avocats et de conseil dont les principaux clients sont des entreprises; et<\/li>\n<li>les \u00e9tablissements d\u2019enseignement et les associations professionnelles.<\/li>\n<\/ol>\n<\/li>\n<\/ol>\n<p>Nous approuverons les demandes de cr\u00e9er un lien vers notre site de ces organisations si nous d\u00e9terminons que: (a) le lien ne serait pas nuisible \u00e0 nous ou \u00e0 nos entreprises accr\u00e9dit\u00e9es (par exemple, les associations professionnelles ou d\u2019autres organisations repr\u00e9sentant des types d\u2019entreprises intrins\u00e8quement suspects, telles que des opportunit\u00e9s de travail \u00e0 domicile, ne seront pas autoris\u00e9es \u00e0 cr\u00e9er un lien); (b) nous n\u2019avons aucun dossier insatisfaisant sur l\u2019organisation; (c) l\u2019avantage pour nous de la visibilit\u00e9 associ\u00e9e \u00e0 l\u2019hyperlien l\u2019emporte sur l\u2019absence de de celui-ci; et (d) le lien se trouve dans le contexte d\u2019informations des ressources g\u00e9n\u00e9rales, ou est par ailleurs en accord avec le contenu \u00e9ditorial d\u2019un bulletin d\u2019information ou d\u2019un produit similaire faisant avancer la mission de l\u2019organisation.<\/p>\n<p>Ces organisations peuvent cr\u00e9er un lien vers notre page d\u2019accueil, vers des publications ou d\u2019autres informations de site Web tant que le lien: (a) n\u2019est en aucun cas trompeur; (b) n\u2019implique pas faussement le parrainage, la promotion ou l\u2019approbation de la partie qui cr\u00e9e le lien et ses produits ou services; et (c) s\u2019inscrit dans le contexte du site du lien.<\/p>\n<p>Si vous faites partie des organisations \u00e9num\u00e9r\u00e9es au paragraphe 2 ci-dessus et si vous souhaitez cr\u00e9er un lien vers notre site Web, veuillez nous envoyer un courriel \u00e0  <a href=\"mailto:sales@pscl.com\">sales@pscl.com<\/a>. Veuillez inclure votre nom, le nom de votre organisation, vos coordonn\u00e9es (un num\u00e9ro de t\u00e9l\u00e9phone et \/ ou une adresse de courriel) ainsi que l\u2019URL de votre site, une liste de toutes les URL \u00e0 partir desquelles vous avez l\u2019intention de cr\u00e9er un lien vers notre site, et une liste des URL de notre site vers lesquelles vous souhaitez cr\u00e9er un lien. Pr\u00e9voyez 2-3 semaines pour une r\u00e9ponse.<\/p>\n<p>Les organisations approuv\u00e9es peuvent cr\u00e9er un hyperlien vers notre site :<\/p>\n<ol>\n<li>En utilisant notre d\u00e9nomination sociale; ou<\/li>\n<li>En utilisant le localisateur de ressources uniforme (adresse web) vers lequel le lien est cr\u00e9\u00e9; ou<\/li>\n<li>En utilisant toute autre description de notre site Web ou du contenu vers lequel le lien est cr\u00e9\u00e9, qui se tient dans le contexte et le format du contenu sur le site de la partie cr\u00e9ant le lien.<\/li>\n<li>Il est interdit de cr\u00e9er un lien vers le logo ou d\u2019autres illustrations de PSCL Inc. sans un accord de licence de marque.<\/li>\n<\/ol>\n<h3>Cadres<\/h3>\n<p>Sans autorisation pr\u00e9alable et \u00e9crite expresse, vous ne pouvez pas cr\u00e9er de cadres autour de nos pages Web ou utiliser d\u2019autres techniques qui alt\u00e8rent de quelque mani\u00e8re que ce soit la pr\u00e9sentation visuelle ou l\u2019apparence de notre site Web.<\/p>\n<h3>R\u00e9serve de droits<\/h3>\n<p>Nous nous r\u00e9servons le droit \u00e0 tout moment et \u00e0 notre enti\u00e8re discr\u00e9tion de vous demander de supprimer tous les liens ou tout lien particulier vers notre site Web. Vous acceptez de supprimer imm\u00e9diatement tous les liens vers notre site Web sur la base d\u2019une telle demande. Nous nous r\u00e9servons \u00e9galement le droit de modifier ces termes et conditions et sa politique de cr\u00e9er des liens \u00e0 tout moment. En continuant \u00e0 cr\u00e9er un lien vers notre site Web, vous acceptez d\u2019\u00eatre li\u00e9 et de respecter ces conditions g\u00e9n\u00e9rales.<\/p>\n<h3>Suppression de liens de notre site Web<\/h3>\n<p>Si vous trouvez r\u00e9pr\u00e9hensible pour quelque raison que ce soit, un lien sur notre site Web ou tout site Web li\u00e9 vers notre site, vous pouvez nous contacter \u00e0 ce sujet. Nous examinerons les demandes de suppression de liens, mais ne serons pas dans aucune obligation de l\u2019ex\u00e9cuter ou de r\u00e9pondre directement \u00e0 votre demande.<\/p>\n<p>Bien que nous nous efforcions de faire en sorte que l\u2019information sur ce site Web soit exacte, nous n\u2019en garantissons pas l\u2019exhaustivit\u00e9 ni la pr\u00e9cision; ni ne nous engageons \u00e0 faire en sorte que le site reste disponible ou que son contenu soit mis \u00e0 jour.<\/p>\n<h3>Responsabilit\u00e9 du contenu<\/h3>\n<p>Nous d\u00e9clinons toute responsabilit\u00e9 pour tout contenu qui apparait sur notre site Web. Vous acceptez de nous indemniser et de nous d\u00e9fendre contre toute r\u00e9clamation d\u00e9coulant de ou bas\u00e9e sur votre site Web. Aucun lien ne peut appara\u00eetre sur une page de notre site Web ou dans un contexte qui contient un contenu ou des \u00e9l\u00e9ments pouvant \u00eatre interpr\u00e9t\u00e9s comme calomnieux, obsc\u00e8nes ou criminels, ou qui enfreignent, ou constituent une violation, ou pr\u00e9conisent l\u2019infraction ou toute autre violation de tout droits des tiers.<\/p>\n<h3>Avis de non-responsabilit\u00e9<\/h3>\n<p>Dans la mesure maximale permise par la loi applicable, nous ne faisons aucune repr\u00e9sentation, ni garantie, ni condition quant \u00e0 notre site Web et \u00e0 son utilisation (y compris, sans limitation, toutes les garanties implicites en vertu de la loi de qualit\u00e9 satisfaisante, d\u2019ad\u00e9quation \u00e0 un usage et d\u2019utilisation avec des soins et une habilet\u00e9 raisonnable). Rien dans cette clause ne:<\/p>\n<ol>\n<li>limite ni exclut notre ou votre responsabilit\u00e9 en cas de d\u00e9c\u00e8s ou de dommages corporels caus\u00e9s par notre n\u00e9gligence;<\/li>\n<li>limite ni exclut notre ou votre responsabilit\u00e9 en cas de fraude ou la fausse indication;<\/li>\n<li>limite nos ou vos responsabilit\u00e9s d\u2019une mani\u00e8re non autoris\u00e9e par la loi applicable; ou<\/li>\n<li>exclut toute autre responsabilit\u00e9 qui ne peut \u00eatre exclue en vertu du droit applicable.<\/li>\n<\/ol>\n<p>Les limitations et exclusions de responsabilit\u00e9 \u00e9nonc\u00e9es dans cette section et ailleurs dans cette clause de non-responsabilit\u00e9: (a) sont soumis au paragraphe pr\u00e9c\u00e9dent; et (b) r\u00e9gissent toutes les responsabilit\u00e9s d\u00e9coulant de la clause de non-responsabilit\u00e9 ou concernant le sujet de cette clause, y compris les responsabilit\u00e9s d\u00e9coulant de contrats, de fa\u00e7on d\u00e9lictuelle (y compris la n\u00e9gligence) et de manquement \u00e0 une obligation l\u00e9gale.<\/p>\n<p>Dans la mesure o\u00f9 le site Web et l\u2019informations et services sur le site Web sont fournis gratuitement, nous ne serons pas responsables de toute perte ou dommage.<\/p>\n<p>[\/et_pb_text][\/et_pb_column][\/et_pb_row][\/et_pb_section]<\/p>\n","protected":false},"excerpt":{"rendered":"<p>Bienvenue \u00e0 PSCL Inc. Ces termes et conditions d\u00e9crivent les r\u00e8gles et r\u00e8glements qui r\u00e9gissent l\u2019utilisation du site Web de PSCL Inc. PSCL Inc. est situ\u00e9 \u00e0 : 16240 \u2013 116 Avenue NW Edmonton, Alberta T5M 3V4 Canada Lorsque vous naviguez sur ce site Web, nous supposons que vous acceptez ces termes et conditions dans [&hellip;]<\/p>\n","protected":false},"author":1,"featured_media":0,"parent":0,"menu_order":0,"comment_status":"closed","ping_status":"closed","template":"","meta":{"_acf_changed":false,"_et_pb_use_builder":"on","_et_pb_old_content":"","_et_gb_content_width":"","inline_featured_image":false,"footnotes":""},"wf_page_folders":[9],"class_list":["post-1855","page","type-page","status-publish","hentry"],"acf":[],"yoast_head":"<!-- This site is optimized with the Yoast SEO plugin v27.3 - https:\/\/yoast.com\/product\/yoast-seo-wordpress\/ -->\n<title>Conditions d\u2019utilisation - PSCL<\/title>\n<meta name=\"robots\" content=\"index, follow, max-snippet:-1, max-image-preview:large, max-video-preview:-1\" \/>\n<link rel=\"canonical\" href=\"https:\/\/www.pscl.com\/fr\/conditions-dutilisation\/\" \/>\n<meta property=\"og:locale\" content=\"fr_FR\" \/>\n<meta property=\"og:type\" content=\"article\" \/>\n<meta property=\"og:title\" content=\"Conditions d\u2019utilisation - PSCL\" \/>\n<meta property=\"og:description\" content=\"Bienvenue \u00e0 PSCL Inc. Ces termes et conditions d\u00e9crivent les r\u00e8gles et r\u00e8glements qui r\u00e9gissent l\u2019utilisation du site Web de PSCL Inc. PSCL Inc. est situ\u00e9 \u00e0 : 16240 \u2013 116 Avenue NW Edmonton, Alberta T5M 3V4 Canada Lorsque vous naviguez sur ce site Web, nous supposons que vous acceptez ces termes et conditions dans [&hellip;]\" \/>\n<meta property=\"og:url\" content=\"https:\/\/www.pscl.com\/fr\/conditions-dutilisation\/\" \/>\n<meta property=\"og:site_name\" content=\"PSCL\" \/>\n<meta property=\"article:modified_time\" content=\"2020-06-10T21:26:55+00:00\" \/>\n<meta name=\"twitter:card\" content=\"summary_large_image\" \/>\n<meta name=\"twitter:label1\" content=\"Dur\u00e9e de lecture estim\u00e9e\" \/>\n\t<meta name=\"twitter:data1\" content=\"11 minutes\" \/>\n<script type=\"application\/ld+json\" class=\"yoast-schema-graph\">{\"@context\":\"https:\\\/\\\/schema.org\",\"@graph\":[{\"@type\":\"WebPage\",\"@id\":\"https:\\\/\\\/www.pscl.com\\\/fr\\\/conditions-dutilisation\\\/\",\"url\":\"https:\\\/\\\/www.pscl.com\\\/fr\\\/conditions-dutilisation\\\/\",\"name\":\"Conditions d\u2019utilisation - PSCL\",\"isPartOf\":{\"@id\":\"https:\\\/\\\/www.pscl.com\\\/fr\\\/#website\"},\"datePublished\":\"2020-06-10T21:24:52+00:00\",\"dateModified\":\"2020-06-10T21:26:55+00:00\",\"breadcrumb\":{\"@id\":\"https:\\\/\\\/www.pscl.com\\\/fr\\\/conditions-dutilisation\\\/#breadcrumb\"},\"inLanguage\":\"fr-FR\",\"potentialAction\":[{\"@type\":\"ReadAction\",\"target\":[\"https:\\\/\\\/www.pscl.com\\\/fr\\\/conditions-dutilisation\\\/\"]}]},{\"@type\":\"BreadcrumbList\",\"@id\":\"https:\\\/\\\/www.pscl.com\\\/fr\\\/conditions-dutilisation\\\/#breadcrumb\",\"itemListElement\":[{\"@type\":\"ListItem\",\"position\":1,\"name\":\"Home\",\"item\":\"https:\\\/\\\/www.pscl.com\\\/fr\\\/accueil-3\\\/\"},{\"@type\":\"ListItem\",\"position\":2,\"name\":\"Conditions d\u2019utilisation\"}]},{\"@type\":\"WebSite\",\"@id\":\"https:\\\/\\\/www.pscl.com\\\/fr\\\/#website\",\"url\":\"https:\\\/\\\/www.pscl.com\\\/fr\\\/\",\"name\":\"PSCL\",\"description\":\"Work smarter.\u00ae\",\"publisher\":{\"@id\":\"https:\\\/\\\/www.pscl.com\\\/fr\\\/#organization\"},\"potentialAction\":[{\"@type\":\"SearchAction\",\"target\":{\"@type\":\"EntryPoint\",\"urlTemplate\":\"https:\\\/\\\/www.pscl.com\\\/fr\\\/?s={search_term_string}\"},\"query-input\":{\"@type\":\"PropertyValueSpecification\",\"valueRequired\":true,\"valueName\":\"search_term_string\"}}],\"inLanguage\":\"fr-FR\"},{\"@type\":\"Organization\",\"@id\":\"https:\\\/\\\/www.pscl.com\\\/fr\\\/#organization\",\"name\":\"PSCL\",\"url\":\"https:\\\/\\\/www.pscl.com\\\/fr\\\/\",\"logo\":{\"@type\":\"ImageObject\",\"inLanguage\":\"fr-FR\",\"@id\":\"https:\\\/\\\/www.pscl.com\\\/fr\\\/#\\\/schema\\\/logo\\\/image\\\/\",\"url\":\"https:\\\/\\\/www.pscl.com\\\/wp-content\\\/uploads\\\/2025\\\/07\\\/pscl-logoBlue.svg\",\"contentUrl\":\"https:\\\/\\\/www.pscl.com\\\/wp-content\\\/uploads\\\/2025\\\/07\\\/pscl-logoBlue.svg\",\"width\":\"1024\",\"height\":\"1024\",\"caption\":\"PSCL\"},\"image\":{\"@id\":\"https:\\\/\\\/www.pscl.com\\\/fr\\\/#\\\/schema\\\/logo\\\/image\\\/\"},\"sameAs\":[\"https:\\\/\\\/www.linkedin.com\\\/company\\\/process-solutions-canada-ltd-\\\/\"]}]}<\/script>\n<!-- \/ Yoast SEO plugin. -->","yoast_head_json":{"title":"Conditions d\u2019utilisation - PSCL","robots":{"index":"index","follow":"follow","max-snippet":"max-snippet:-1","max-image-preview":"max-image-preview:large","max-video-preview":"max-video-preview:-1"},"canonical":"https:\/\/www.pscl.com\/fr\/conditions-dutilisation\/","og_locale":"fr_FR","og_type":"article","og_title":"Conditions d\u2019utilisation - PSCL","og_description":"Bienvenue \u00e0 PSCL Inc. Ces termes et conditions d\u00e9crivent les r\u00e8gles et r\u00e8glements qui r\u00e9gissent l\u2019utilisation du site Web de PSCL Inc. PSCL Inc. est situ\u00e9 \u00e0 : 16240 \u2013 116 Avenue NW Edmonton, Alberta T5M 3V4 Canada Lorsque vous naviguez sur ce site Web, nous supposons que vous acceptez ces termes et conditions dans [&hellip;]","og_url":"https:\/\/www.pscl.com\/fr\/conditions-dutilisation\/","og_site_name":"PSCL","article_modified_time":"2020-06-10T21:26:55+00:00","twitter_card":"summary_large_image","twitter_misc":{"Dur\u00e9e de lecture estim\u00e9e":"11 minutes"},"schema":{"@context":"https:\/\/schema.org","@graph":[{"@type":"WebPage","@id":"https:\/\/www.pscl.com\/fr\/conditions-dutilisation\/","url":"https:\/\/www.pscl.com\/fr\/conditions-dutilisation\/","name":"Conditions d\u2019utilisation - PSCL","isPartOf":{"@id":"https:\/\/www.pscl.com\/fr\/#website"},"datePublished":"2020-06-10T21:24:52+00:00","dateModified":"2020-06-10T21:26:55+00:00","breadcrumb":{"@id":"https:\/\/www.pscl.com\/fr\/conditions-dutilisation\/#breadcrumb"},"inLanguage":"fr-FR","potentialAction":[{"@type":"ReadAction","target":["https:\/\/www.pscl.com\/fr\/conditions-dutilisation\/"]}]},{"@type":"BreadcrumbList","@id":"https:\/\/www.pscl.com\/fr\/conditions-dutilisation\/#breadcrumb","itemListElement":[{"@type":"ListItem","position":1,"name":"Home","item":"https:\/\/www.pscl.com\/fr\/accueil-3\/"},{"@type":"ListItem","position":2,"name":"Conditions d\u2019utilisation"}]},{"@type":"WebSite","@id":"https:\/\/www.pscl.com\/fr\/#website","url":"https:\/\/www.pscl.com\/fr\/","name":"PSCL","description":"Work smarter.\u00ae","publisher":{"@id":"https:\/\/www.pscl.com\/fr\/#organization"},"potentialAction":[{"@type":"SearchAction","target":{"@type":"EntryPoint","urlTemplate":"https:\/\/www.pscl.com\/fr\/?s={search_term_string}"},"query-input":{"@type":"PropertyValueSpecification","valueRequired":true,"valueName":"search_term_string"}}],"inLanguage":"fr-FR"},{"@type":"Organization","@id":"https:\/\/www.pscl.com\/fr\/#organization","name":"PSCL","url":"https:\/\/www.pscl.com\/fr\/","logo":{"@type":"ImageObject","inLanguage":"fr-FR","@id":"https:\/\/www.pscl.com\/fr\/#\/schema\/logo\/image\/","url":"https:\/\/www.pscl.com\/wp-content\/uploads\/2025\/07\/pscl-logoBlue.svg","contentUrl":"https:\/\/www.pscl.com\/wp-content\/uploads\/2025\/07\/pscl-logoBlue.svg","width":"1024","height":"1024","caption":"PSCL"},"image":{"@id":"https:\/\/www.pscl.com\/fr\/#\/schema\/logo\/image\/"},"sameAs":["https:\/\/www.linkedin.com\/company\/process-solutions-canada-ltd-\/"]}]}},"jetpack_sharing_enabled":true,"_links":{"self":[{"href":"https:\/\/www.pscl.com\/fr\/wp-json\/wp\/v2\/pages\/1855","targetHints":{"allow":["GET"]}}],"collection":[{"href":"https:\/\/www.pscl.com\/fr\/wp-json\/wp\/v2\/pages"}],"about":[{"href":"https:\/\/www.pscl.com\/fr\/wp-json\/wp\/v2\/types\/page"}],"author":[{"embeddable":true,"href":"https:\/\/www.pscl.com\/fr\/wp-json\/wp\/v2\/users\/1"}],"replies":[{"embeddable":true,"href":"https:\/\/www.pscl.com\/fr\/wp-json\/wp\/v2\/comments?post=1855"}],"version-history":[{"count":0,"href":"https:\/\/www.pscl.com\/fr\/wp-json\/wp\/v2\/pages\/1855\/revisions"}],"wp:attachment":[{"href":"https:\/\/www.pscl.com\/fr\/wp-json\/wp\/v2\/media?parent=1855"}],"wp:term":[{"taxonomy":"wf_page_folders","embeddable":true,"href":"https:\/\/www.pscl.com\/fr\/wp-json\/wp\/v2\/wf_page_folders?post=1855"}],"curies":[{"name":"wp","href":"https:\/\/api.w.org\/{rel}","templated":true}]}}