{"id":1960,"date":"2019-04-11T14:54:48","date_gmt":"2019-04-11T20:54:48","guid":{"rendered":"https:\/\/www.pscl.com\/a-propos\/"},"modified":"2020-06-25T16:14:05","modified_gmt":"2020-06-25T22:14:05","slug":"a-propos","status":"publish","type":"page","link":"https:\/\/www.pscl.com\/fr\/a-propos\/","title":{"rendered":"A propos"},"content":{"rendered":"<p>[et_pb_section fb_built=\u00a0\u00bb1&Prime; admin_label=\u00a0\u00bbHero\u00a0\u00bb module_id=\u00a0\u00bbhero-pscl\u00a0\u00bb module_class=\u00a0\u00bbhero-section\u00a0\u00bb _builder_version=\u00a0\u00bb3.22.4&Prime; background_image=\u00a0\u00bbhttps:\/\/www.pscl.com\/wp-content\/uploads\/2019\/04\/about-us-conference.jpg\u00a0\u00bb min_height_tablet=\u00a0\u00bb\u00a0\u00bb min_height_phone=\u00a0\u00bb375px\u00a0\u00bb min_height_last_edited=\u00a0\u00bbon|phone\u00a0\u00bb height=\u00a0\u00bb100%\u00a0\u00bb custom_padding=\u00a0\u00bb0px||0px||true|false\u00a0\u00bb locked=\u00a0\u00bboff\u00a0\u00bb collapsed=\u00a0\u00bboff\u00a0\u00bb][et_pb_row use_custom_gutter=\u00a0\u00bbon\u00a0\u00bb make_equal=\u00a0\u00bbon\u00a0\u00bb padding_top_bottom_link_1=\u00a0\u00bbtrue\u00a0\u00bb padding_top_bottom_link_2=\u00a0\u00bbtrue\u00a0\u00bb padding_left_right_link_1=\u00a0\u00bbtrue\u00a0\u00bb padding_left_right_link_2=\u00a0\u00bbtrue\u00a0\u00bb _builder_version=\u00a0\u00bb3.25&Prime; width=\u00a0\u00bb100%\u00a0\u00bb max_width=\u00a0\u00bb100%\u00a0\u00bb height=\u00a0\u00bb100%\u00a0\u00bb custom_margin=\u00a0\u00bb||0px\u00a0\u00bb custom_padding=\u00a0\u00bb0px||0px||true\u00a0\u00bb use_custom_width=\u00a0\u00bbon\u00a0\u00bb width_unit=\u00a0\u00bboff\u00a0\u00bb custom_width_percent=\u00a0\u00bb100%\u00a0\u00bb column_structure=\u00a0\u00bb1_4,3_4&Prime;][et_pb_column type=\u00a0\u00bb1_4&Prime; module_class=\u00a0\u00bbhero-header corporate\u00a0\u00bb _builder_version=\u00a0\u00bb3.25&Prime; background_color=\u00a0\u00bbrgba(0,35,102,0.8)\u00a0\u00bb background_color_gradient_direction_radial=\u00a0\u00bbtop left\u00a0\u00bb custom_padding=\u00a0\u00bb5vw|2vw|5vw|2vw\u00a0\u00bb custom_padding_tablet=\u00a0\u00bb7vw|0vw|7vw|3.5%|true|false\u00a0\u00bb custom_padding_phone=\u00a0\u00bb|5%||5%\u00a0\u00bb custom_padding_last_edited=\u00a0\u00bbon|tablet\u00a0\u00bb custom_padding__hover=\u00a0\u00bb|||\u00a0\u00bb][et_pb_blurb title=\u00a0\u00bbA propos\u00a0\u00bb image=\u00a0\u00bbhttps:\/\/www.pscl.com\/wp-content\/uploads\/2019\/04\/corporate.svg\u00a0\u00bb icon_placement=\u00a0\u00bbleft\u00a0\u00bb image_max_width=\u00a0\u00bb84px\u00a0\u00bb content_max_width=\u00a0\u00bb350px\u00a0\u00bb image_max_width_tablet=\u00a0\u00bb72px\u00a0\u00bb image_max_width_phone=\u00a0\u00bb64px\u00a0\u00bb image_max_width_last_edited=\u00a0\u00bbon|desktop\u00a0\u00bb content_max_width_tablet=\u00a0\u00bb1100px\u00a0\u00bb content_max_width_last_edited=\u00a0\u00bboff|desktop\u00a0\u00bb admin_label=\u00a0\u00bbAbout Us\u00a0\u00bb module_class=\u00a0\u00bbbrochure\u00a0\u00bb _builder_version=\u00a0\u00bb3.22.4&Prime; header_level=\u00a0\u00bbh1&Prime; header_font=\u00a0\u00bbProxima Nova SemiBold|600|||||||\u00a0\u00bb header_text_color=\u00a0\u00bb#ffffff\u00a0\u00bb header_font_size=\u00a0\u00bb48px\u00a0\u00bb header_line_height=\u00a0\u00bb1.4em\u00a0\u00bb body_font=\u00a0\u00bb||||||||\u00a0\u00bb body_text_color=\u00a0\u00bb#ffffff\u00a0\u00bb body_font_size=\u00a0\u00bb36px\u00a0\u00bb body_line_height=\u00a0\u00bb1.2em\u00a0\u00bb background_layout=\u00a0\u00bbdark\u00a0\u00bb custom_margin=\u00a0\u00bb|||\u00a0\u00bb custom_padding=\u00a0\u00bb|||\u00a0\u00bb animation_direction=\u00a0\u00bbright\u00a0\u00bb animation=\u00a0\u00bboff\u00a0\u00bb border_color_all_image=\u00a0\u00bbrgba(0,0,0,0)\u00a0\u00bb border_style_all_image=\u00a0\u00bbnone\u00a0\u00bb]<\/p>\n<ul class=\"header-list\">\n<li class=\"current\">&nbsp;<\/li>\n<\/ul>\n<p>[\/et_pb_blurb][et_pb_image src=\u00a0\u00bbhttps:\/\/www.pscl.com\/wp-content\/uploads\/2019\/04\/microsoft-gold-partner-logo-white.svg\u00a0\u00bb align_tablet=\u00a0\u00bbcenter\u00a0\u00bb align_last_edited=\u00a0\u00bbon|desktop\u00a0\u00bb admin_label=\u00a0\u00bbMicrosoft Partner Logo\u00a0\u00bb module_class=\u00a0\u00bbms-partner-logo\u00a0\u00bb _builder_version=\u00a0\u00bb3.23&Prime; width=\u00a0\u00bb50%\u00a0\u00bb max_width=\u00a0\u00bb200px\u00a0\u00bb module_alignment=\u00a0\u00bbleft\u00a0\u00bb locked=\u00a0\u00bboff\u00a0\u00bb][\/et_pb_image][\/et_pb_column][et_pb_column type=\u00a0\u00bb3_4&Prime; _builder_version=\u00a0\u00bb3.25&Prime; custom_padding=\u00a0\u00bb80px|40px|80px|40px\u00a0\u00bb custom_padding_tablet=\u00a0\u00bb|10%||10%||true\u00a0\u00bb custom_padding_last_edited=\u00a0\u00bbon|desktop\u00a0\u00bb custom_padding__hover=\u00a0\u00bb|||\u00a0\u00bb][\/et_pb_column][\/et_pb_row][\/et_pb_section][et_pb_section fb_built=\u00a0\u00bb1&Prime; _builder_version=\u00a0\u00bb3.22.4&Prime;][et_pb_row _builder_version=\u00a0\u00bb3.25&Prime; width=\u00a0\u00bb66%\u00a0\u00bb max_width=\u00a0\u00bb900px\u00a0\u00bb custom_padding=\u00a0\u00bb||0px\u00a0\u00bb][et_pb_column type=\u00a0\u00bb4_4&Prime; _builder_version=\u00a0\u00bb3.25&Prime; custom_padding=\u00a0\u00bb|||\u00a0\u00bb custom_padding__hover=\u00a0\u00bb|||\u00a0\u00bb][et_pb_text admin_label=\u00a0\u00bbAbout Us\u00a0\u00bb module_class=\u00a0\u00bbpscl-body-text list support\u00a0\u00bb _builder_version=\u00a0\u00bb3.27.4&Prime;]<\/p>\n<h4>A propos<\/h4>\n<p>[\/et_pb_text][\/et_pb_column][\/et_pb_row][et_pb_row module_class=\u00a0\u00bbpscl-body-text list corporate\u00a0\u00bb _builder_version=\u00a0\u00bb3.25&Prime; width=\u00a0\u00bb66%\u00a0\u00bb max_width=\u00a0\u00bb900px\u00a0\u00bb custom_padding=\u00a0\u00bb0px||\u00a0\u00bb column_structure=\u00a0\u00bb1_2,1_2&Prime;][et_pb_column type=\u00a0\u00bb1_2&Prime; _builder_version=\u00a0\u00bb3.25&Prime; custom_padding=\u00a0\u00bb|||\u00a0\u00bb custom_padding__hover=\u00a0\u00bb|||\u00a0\u00bb][et_pb_text admin_label=\u00a0\u00bbPSCL has been working\u00a0\u00bb _builder_version=\u00a0\u00bb3.27.4&Prime;]<\/p>\n<p>PSCL (Process Solutions) travaille avec l\u2019industrie du ciment depuis presque quatre d\u00e9cennies. Nos affaires jusqu\u2019\u00e0 date avec l\u2019industrie expliquent qui nous sommes aujourd\u2019hui.<\/p>\n<ul>\n<li>Nous avons le syst\u00e8me de chargement de premier rang en Am\u00e9rique du nord<\/li>\n<li>Depuis l\u2019\u00e9tablissement de notre soci\u00e9t\u00e9, nos syst\u00e8mes de chargement ont pris charge de l\u2019exp\u00e9dition de plus d\u2019un demi-milliard de tonnes de ciment<\/li>\n<li>Nous avons mis en service plus de 60 syst\u00e8mes de laboratoires du ciment dans les cimenteries \u00e0 l\u2019\u00e9chelle mondiale<\/li>\n<li>Nous sommes pionniers dans l\u2019analyse et le suivi de d\u00e9chets dans les flux des combustibles alternatifs<\/li>\n<li>Notre syst\u00e8me de contr\u00f4le distribu\u00e9 fonctionne dans des installations avec des processus importants depuis plus de 35 ans<\/li>\n<li>Nous rendons service aux 22 cimenteries \u00e0 travers 17 pays<\/li>\n<\/ul>\n<p>[\/et_pb_text][\/et_pb_column][et_pb_column type=\u00a0\u00bb1_2&Prime; _builder_version=\u00a0\u00bb3.25&Prime; custom_padding=\u00a0\u00bb|||\u00a0\u00bb custom_padding__hover=\u00a0\u00bb|||\u00a0\u00bb][et_pb_text admin_label=\u00a0\u00bbWe don&rsquo;t rest on our laurels\u00a0\u00bb _builder_version=\u00a0\u00bb4.4.4&Prime; hover_enabled=\u00a0\u00bb0&Prime;]<\/p>\n<p>Nous sommes toujours motiv\u00e9s \u00e0 faire plus. Il y a deux ann\u00e9es, nous avons entrepris un voyage de transformation \u00e0 l\u2019int\u00e9rieur comme \u00e0 l\u2019ext\u00e9rieur. Cette transformation est \u00e9vidente dans l\u2019\u00e9volution de notre marque.<\/p>\n<p><img loading=\"lazy\" decoding=\"async\" width=\"2400\" height=\"473\" class=\"wp-image-324 alignnone size-full\" src=\"\/wp-content\/uploads\/2019\/04\/pscl-logos.png\" alt=\"PSCL Logos\" srcset=\"https:\/\/www.pscl.com\/wp-content\/uploads\/2019\/04\/pscl-logos.png 2400w, https:\/\/www.pscl.com\/wp-content\/uploads\/2019\/04\/pscl-logos-300x59.png 300w, https:\/\/www.pscl.com\/wp-content\/uploads\/2019\/04\/pscl-logos-768x151.png 768w, https:\/\/www.pscl.com\/wp-content\/uploads\/2019\/04\/pscl-logos-1024x202.png 1024w, https:\/\/www.pscl.com\/wp-content\/uploads\/2019\/04\/pscl-logos-1080x213.png 1080w\" sizes=\"(max-width: 2400px) 100vw, 2400px\" \/>Notre nouvelle position cl\u00e9 fait preuve de notre succ\u00e8s dans le pass\u00e9, et signale notre effort renouvel\u00e9 \u00e0 faire plus dans l\u2019avenir.<\/p>\n<p><img loading=\"lazy\" decoding=\"async\" width=\"1200\" height=\"145\" class=\"wp-image-328 alignnone size-full\" src=\"\/wp-content\/uploads\/2019\/04\/pscl-process-bar.png\" alt=\"PSCL Process Bar\" srcset=\"https:\/\/www.pscl.com\/wp-content\/uploads\/2019\/04\/pscl-process-bar.png 1200w, https:\/\/www.pscl.com\/wp-content\/uploads\/2019\/04\/pscl-process-bar-300x36.png 300w, https:\/\/www.pscl.com\/wp-content\/uploads\/2019\/04\/pscl-process-bar-768x93.png 768w, https:\/\/www.pscl.com\/wp-content\/uploads\/2019\/04\/pscl-process-bar-1024x124.png 1024w, https:\/\/www.pscl.com\/wp-content\/uploads\/2019\/04\/pscl-process-bar-1080x131.png 1080w\" sizes=\"(max-width: 1200px) 100vw, 1200px\" \/>Nous relions les processus, et avec notre approche, nous ajoutons de la valeur.<\/p>\n<p>La valeur que nous livrons est la totalit\u00e9 de\u00a0:<\/p>\n<ul>\n<li>Notre \u00e9quipe<\/li>\n<li>Notre exp\u00e9rience dans l\u2019industrie du ciment<\/li>\n<li>Notre technologie<\/li>\n<li>Notre engagement<\/li>\n<\/ul>\n<p>Nous travaillons avec vous afin que vous puissiez travailler plus intelligemment.\u2122<\/p>\n<p>[\/et_pb_text][\/et_pb_column][\/et_pb_row][et_pb_row _builder_version=\u00a0\u00bb3.25&Prime; width=\u00a0\u00bb66%\u00a0\u00bb max_width=\u00a0\u00bb900px\u00a0\u00bb column_structure=\u00a0\u00bb1_2,1_2&Prime;][et_pb_column type=\u00a0\u00bb1_2&Prime; _builder_version=\u00a0\u00bb3.25&Prime; custom_padding=\u00a0\u00bb|||\u00a0\u00bb custom_padding__hover=\u00a0\u00bb|||\u00a0\u00bb][et_pb_image src=\u00a0\u00bbhttps:\/\/www.pscl.com\/wp-content\/uploads\/2019\/04\/matthew-furry-pscl-evolution.jpg\u00a0\u00bb align_tablet=\u00a0\u00bbcenter\u00a0\u00bb align_last_edited=\u00a0\u00bbon|desktop\u00a0\u00bb admin_label=\u00a0\u00bbMatthew Furry &#8211; PSCL Legacy\u00a0\u00bb _builder_version=\u00a0\u00bb3.23&Prime;][\/et_pb_image][\/et_pb_column][et_pb_column type=\u00a0\u00bb1_2&Prime; _builder_version=\u00a0\u00bb3.25&Prime; custom_padding=\u00a0\u00bb|||\u00a0\u00bb custom_padding__hover=\u00a0\u00bb|||\u00a0\u00bb][et_pb_text admin_label=\u00a0\u00bbMessage from the President\u00a0\u00bb module_class=\u00a0\u00bbpscl-body-text list corporate\u00a0\u00bb _builder_version=\u00a0\u00bb3.27.4&Prime;]<\/p>\n<h4>Message du Pr\u00e9sident<\/h4>\n<p>J\u2019ai commenc\u00e9 ma carri\u00e8re dans l\u2019industrie du logiciel et de l\u2019automatisation chez Process Solutions en 1996. J\u2019ai occup\u00e9 plusieurs postes dans la compagnie, et j\u2019ai appris les affaires comme un cadre auxiliaire jusqu\u2019au cadre sup\u00e9rieur. J\u2019ai aussi eu l\u2019occasion d\u2019acqu\u00e9rir de l\u2019exp\u00e9rience en travaillant avec des outils semblables dans d\u2019autres industries \u00e0 travers le monde. Mon retour \u00e0 PSCL m\u2019a permis de mettre en \u0153uvre mes instincts d\u2019\u00e9tablir un meilleur partenariat avec l\u2019industrie, et de comprendre \u00e0 un haut niveau comment nous avons \u00e9t\u00e9 \u00e0 la hauteur des d\u00e9fis de nos clients.<\/p>\n<p>Jadis le bastion de la tradition, PSCL a t\u00e9moign\u00e9 une hausse du taux de transformation qu\u2019a subi l\u2019industrie du ciment pendant ces derni\u00e8res ann\u00e9es. L\u2019industrie s\u2019est trouv\u00e9e aux prises avec les d\u00e9fis, tels que les r\u00e9alit\u00e9s d\u2019\u00e9missions de CO2, la consolidation de l\u2019industrie, le besoin continu d\u2019am\u00e9liorer l\u2019efficacit\u00e9, et beaucoup d\u2019autres d\u00e9fis.<\/p>\n<p>Chez PSCL, il y a eu une croissance importante de l\u2019effectif et dans les ressources, en raison de l\u2019adoption de nos solutions par les producteurs \u00e0 l\u2019\u00e9chelle mondiale pour relever leurs nouveaux d\u00e9fis et leurs d\u00e9fis actuels. Cela m\u2019a motiv\u00e9 \u00e0 r\u00e9examiner la pr\u00e9paration de notre entreprise pour faire face aux opportunit\u00e9s \u00e9mergentes. Mon \u00e9quipe et moi sommes arriv\u00e9s \u00e0 une solution relativement simple; celle de continuer en grande partie ce que nous avions toujours fait. Nous nous sommes engag\u00e9s \u00e0 am\u00e9liorer nos processus et ce, de le faire au fur et \u00e0 mesure.<\/p>\n<p>Je veux que mon \u00e9quipe travaille plus intelligemment afin de vous aider \u00e0 travailler plus intelligemment.&trade;<\/p>\n<h4>Nos valeurs et notre mission<\/h4>\n<ul>\n<li>Nous serons le choix enthousiaste de nos clients<\/li>\n<li>Nous entreprendrons toute chose de fa\u00e7on proactive<\/li>\n<li>Nous resterons dans un \u00e9tat solide et nous serons \u00e9volutif<\/li>\n<li>Notre \u00e9quipe est habilit\u00e9 et muni des outils qui le permet d\u2019\u00eatre\n<ul>\n<li>Fier de leur m\u00e9tier<\/li>\n<li>Innovatrice pour nos clients<\/li>\n<li>Perturbatrice aux concurrents<\/li>\n<\/ul>\n<\/li>\n<li>Nous construirons et renforcerons avec passion notre bo\u00eete \u00e0 outils de solutions avec du service comp\u00e9titif m\u00eame \u00e0 l\u2019\u00e9chelle mondiale et des technologies \u00e9prouv\u00e9es en pratique<\/li>\n<li>Nous jouirons de ce parcours ensemble<\/li>\n<\/ul>\n<p><em>\u2014 Matthew Furry<\/em><\/p>\n<p>[\/et_pb_text][\/et_pb_column][\/et_pb_row][\/et_pb_section]<\/p>\n","protected":false},"excerpt":{"rendered":"<p>&nbsp; A proposPSCL (Process Solutions) travaille avec l\u2019industrie du ciment depuis presque quatre d\u00e9cennies. Nos affaires jusqu\u2019\u00e0 date avec l\u2019industrie expliquent qui nous sommes aujourd\u2019hui. Nous avons le syst\u00e8me de chargement de premier rang en Am\u00e9rique du nord Depuis l\u2019\u00e9tablissement de notre soci\u00e9t\u00e9, nos syst\u00e8mes de chargement ont pris charge de l\u2019exp\u00e9dition de plus d\u2019un [&hellip;]<\/p>\n","protected":false},"author":1,"featured_media":0,"parent":0,"menu_order":0,"comment_status":"closed","ping_status":"closed","template":"","meta":{"_acf_changed":false,"_et_pb_use_builder":"on","_et_pb_old_content":"","_et_gb_content_width":"","inline_featured_image":false,"footnotes":""},"wf_page_folders":[9],"class_list":["post-1960","page","type-page","status-publish","hentry"],"acf":[],"yoast_head":"<!-- This site is optimized with the Yoast SEO plugin v27.3 - https:\/\/yoast.com\/product\/yoast-seo-wordpress\/ -->\n<title>A propos - PSCL<\/title>\n<meta name=\"robots\" content=\"index, follow, max-snippet:-1, max-image-preview:large, max-video-preview:-1\" \/>\n<link rel=\"canonical\" href=\"https:\/\/www.pscl.com\/fr\/a-propos\/\" \/>\n<meta property=\"og:locale\" content=\"fr_FR\" \/>\n<meta property=\"og:type\" content=\"article\" \/>\n<meta property=\"og:title\" content=\"A propos - PSCL\" \/>\n<meta property=\"og:description\" content=\"&nbsp; A proposPSCL (Process Solutions) travaille avec l\u2019industrie du ciment depuis presque quatre d\u00e9cennies. Nos affaires jusqu\u2019\u00e0 date avec l\u2019industrie expliquent qui nous sommes aujourd\u2019hui. Nous avons le syst\u00e8me de chargement de premier rang en Am\u00e9rique du nord Depuis l\u2019\u00e9tablissement de notre soci\u00e9t\u00e9, nos syst\u00e8mes de chargement ont pris charge de l\u2019exp\u00e9dition de plus d\u2019un [&hellip;]\" \/>\n<meta property=\"og:url\" content=\"https:\/\/www.pscl.com\/fr\/a-propos\/\" \/>\n<meta property=\"og:site_name\" content=\"PSCL\" \/>\n<meta property=\"article:modified_time\" content=\"2020-06-25T22:14:05+00:00\" \/>\n<meta name=\"twitter:card\" content=\"summary_large_image\" \/>\n<meta name=\"twitter:label1\" content=\"Dur\u00e9e de lecture estim\u00e9e\" \/>\n\t<meta name=\"twitter:data1\" content=\"6 minutes\" \/>\n<script type=\"application\/ld+json\" class=\"yoast-schema-graph\">{\"@context\":\"https:\\\/\\\/schema.org\",\"@graph\":[{\"@type\":\"WebPage\",\"@id\":\"https:\\\/\\\/www.pscl.com\\\/fr\\\/a-propos\\\/\",\"url\":\"https:\\\/\\\/www.pscl.com\\\/fr\\\/a-propos\\\/\",\"name\":\"A propos - PSCL\",\"isPartOf\":{\"@id\":\"https:\\\/\\\/www.pscl.com\\\/fr\\\/#website\"},\"datePublished\":\"2019-04-11T20:54:48+00:00\",\"dateModified\":\"2020-06-25T22:14:05+00:00\",\"breadcrumb\":{\"@id\":\"https:\\\/\\\/www.pscl.com\\\/fr\\\/a-propos\\\/#breadcrumb\"},\"inLanguage\":\"fr-FR\",\"potentialAction\":[{\"@type\":\"ReadAction\",\"target\":[\"https:\\\/\\\/www.pscl.com\\\/fr\\\/a-propos\\\/\"]}]},{\"@type\":\"BreadcrumbList\",\"@id\":\"https:\\\/\\\/www.pscl.com\\\/fr\\\/a-propos\\\/#breadcrumb\",\"itemListElement\":[{\"@type\":\"ListItem\",\"position\":1,\"name\":\"Home\",\"item\":\"https:\\\/\\\/www.pscl.com\\\/fr\\\/accueil-3\\\/\"},{\"@type\":\"ListItem\",\"position\":2,\"name\":\"A propos\"}]},{\"@type\":\"WebSite\",\"@id\":\"https:\\\/\\\/www.pscl.com\\\/fr\\\/#website\",\"url\":\"https:\\\/\\\/www.pscl.com\\\/fr\\\/\",\"name\":\"PSCL\",\"description\":\"Work smarter.\u00ae\",\"publisher\":{\"@id\":\"https:\\\/\\\/www.pscl.com\\\/fr\\\/#organization\"},\"potentialAction\":[{\"@type\":\"SearchAction\",\"target\":{\"@type\":\"EntryPoint\",\"urlTemplate\":\"https:\\\/\\\/www.pscl.com\\\/fr\\\/?s={search_term_string}\"},\"query-input\":{\"@type\":\"PropertyValueSpecification\",\"valueRequired\":true,\"valueName\":\"search_term_string\"}}],\"inLanguage\":\"fr-FR\"},{\"@type\":\"Organization\",\"@id\":\"https:\\\/\\\/www.pscl.com\\\/fr\\\/#organization\",\"name\":\"PSCL\",\"url\":\"https:\\\/\\\/www.pscl.com\\\/fr\\\/\",\"logo\":{\"@type\":\"ImageObject\",\"inLanguage\":\"fr-FR\",\"@id\":\"https:\\\/\\\/www.pscl.com\\\/fr\\\/#\\\/schema\\\/logo\\\/image\\\/\",\"url\":\"https:\\\/\\\/www.pscl.com\\\/wp-content\\\/uploads\\\/2025\\\/07\\\/pscl-logoBlue.svg\",\"contentUrl\":\"https:\\\/\\\/www.pscl.com\\\/wp-content\\\/uploads\\\/2025\\\/07\\\/pscl-logoBlue.svg\",\"width\":\"1024\",\"height\":\"1024\",\"caption\":\"PSCL\"},\"image\":{\"@id\":\"https:\\\/\\\/www.pscl.com\\\/fr\\\/#\\\/schema\\\/logo\\\/image\\\/\"},\"sameAs\":[\"https:\\\/\\\/www.linkedin.com\\\/company\\\/process-solutions-canada-ltd-\\\/\"]}]}<\/script>\n<!-- \/ Yoast SEO plugin. -->","yoast_head_json":{"title":"A propos - PSCL","robots":{"index":"index","follow":"follow","max-snippet":"max-snippet:-1","max-image-preview":"max-image-preview:large","max-video-preview":"max-video-preview:-1"},"canonical":"https:\/\/www.pscl.com\/fr\/a-propos\/","og_locale":"fr_FR","og_type":"article","og_title":"A propos - PSCL","og_description":"&nbsp; A proposPSCL (Process Solutions) travaille avec l\u2019industrie du ciment depuis presque quatre d\u00e9cennies. Nos affaires jusqu\u2019\u00e0 date avec l\u2019industrie expliquent qui nous sommes aujourd\u2019hui. Nous avons le syst\u00e8me de chargement de premier rang en Am\u00e9rique du nord Depuis l\u2019\u00e9tablissement de notre soci\u00e9t\u00e9, nos syst\u00e8mes de chargement ont pris charge de l\u2019exp\u00e9dition de plus d\u2019un [&hellip;]","og_url":"https:\/\/www.pscl.com\/fr\/a-propos\/","og_site_name":"PSCL","article_modified_time":"2020-06-25T22:14:05+00:00","twitter_card":"summary_large_image","twitter_misc":{"Dur\u00e9e de lecture estim\u00e9e":"6 minutes"},"schema":{"@context":"https:\/\/schema.org","@graph":[{"@type":"WebPage","@id":"https:\/\/www.pscl.com\/fr\/a-propos\/","url":"https:\/\/www.pscl.com\/fr\/a-propos\/","name":"A propos - PSCL","isPartOf":{"@id":"https:\/\/www.pscl.com\/fr\/#website"},"datePublished":"2019-04-11T20:54:48+00:00","dateModified":"2020-06-25T22:14:05+00:00","breadcrumb":{"@id":"https:\/\/www.pscl.com\/fr\/a-propos\/#breadcrumb"},"inLanguage":"fr-FR","potentialAction":[{"@type":"ReadAction","target":["https:\/\/www.pscl.com\/fr\/a-propos\/"]}]},{"@type":"BreadcrumbList","@id":"https:\/\/www.pscl.com\/fr\/a-propos\/#breadcrumb","itemListElement":[{"@type":"ListItem","position":1,"name":"Home","item":"https:\/\/www.pscl.com\/fr\/accueil-3\/"},{"@type":"ListItem","position":2,"name":"A propos"}]},{"@type":"WebSite","@id":"https:\/\/www.pscl.com\/fr\/#website","url":"https:\/\/www.pscl.com\/fr\/","name":"PSCL","description":"Work smarter.\u00ae","publisher":{"@id":"https:\/\/www.pscl.com\/fr\/#organization"},"potentialAction":[{"@type":"SearchAction","target":{"@type":"EntryPoint","urlTemplate":"https:\/\/www.pscl.com\/fr\/?s={search_term_string}"},"query-input":{"@type":"PropertyValueSpecification","valueRequired":true,"valueName":"search_term_string"}}],"inLanguage":"fr-FR"},{"@type":"Organization","@id":"https:\/\/www.pscl.com\/fr\/#organization","name":"PSCL","url":"https:\/\/www.pscl.com\/fr\/","logo":{"@type":"ImageObject","inLanguage":"fr-FR","@id":"https:\/\/www.pscl.com\/fr\/#\/schema\/logo\/image\/","url":"https:\/\/www.pscl.com\/wp-content\/uploads\/2025\/07\/pscl-logoBlue.svg","contentUrl":"https:\/\/www.pscl.com\/wp-content\/uploads\/2025\/07\/pscl-logoBlue.svg","width":"1024","height":"1024","caption":"PSCL"},"image":{"@id":"https:\/\/www.pscl.com\/fr\/#\/schema\/logo\/image\/"},"sameAs":["https:\/\/www.linkedin.com\/company\/process-solutions-canada-ltd-\/"]}]}},"jetpack_sharing_enabled":true,"_links":{"self":[{"href":"https:\/\/www.pscl.com\/fr\/wp-json\/wp\/v2\/pages\/1960","targetHints":{"allow":["GET"]}}],"collection":[{"href":"https:\/\/www.pscl.com\/fr\/wp-json\/wp\/v2\/pages"}],"about":[{"href":"https:\/\/www.pscl.com\/fr\/wp-json\/wp\/v2\/types\/page"}],"author":[{"embeddable":true,"href":"https:\/\/www.pscl.com\/fr\/wp-json\/wp\/v2\/users\/1"}],"replies":[{"embeddable":true,"href":"https:\/\/www.pscl.com\/fr\/wp-json\/wp\/v2\/comments?post=1960"}],"version-history":[{"count":0,"href":"https:\/\/www.pscl.com\/fr\/wp-json\/wp\/v2\/pages\/1960\/revisions"}],"wp:attachment":[{"href":"https:\/\/www.pscl.com\/fr\/wp-json\/wp\/v2\/media?parent=1960"}],"wp:term":[{"taxonomy":"wf_page_folders","embeddable":true,"href":"https:\/\/www.pscl.com\/fr\/wp-json\/wp\/v2\/wf_page_folders?post=1960"}],"curies":[{"name":"wp","href":"https:\/\/api.w.org\/{rel}","templated":true}]}}